{"id":21,"date":"2023-05-24T20:57:39","date_gmt":"2023-05-24T20:57:39","guid":{"rendered":"https:\/\/farmaciamiserachsbarcelona.com\/?page_id=21"},"modified":"2023-08-18T14:48:57","modified_gmt":"2023-08-18T14:48:57","slug":"flores-de-bach","status":"publish","type":"page","link":"https:\/\/farmaciamiserachsbarcelona.com\/es\/flores-de-bach\/","title":{"rendered":"Flores de Bach"},"content":{"rendered":"\t\t<div data-elementor-type=\"wp-page\" data-elementor-id=\"21\" class=\"elementor elementor-21\">\n\t\t\t\t\t\t\t\t\t<section class=\"elementor-section elementor-top-section elementor-element elementor-element-ee73340 elementor-section-height-min-height elementor-hidden-tablet elementor-hidden-mobile elementor-section-boxed elementor-section-height-default elementor-section-items-middle\" data-id=\"ee73340\" data-element_type=\"section\" data-settings=\"{&quot;background_background&quot;:&quot;classic&quot;}\">\n\t\t\t\t\t\t<div class=\"elementor-container elementor-column-gap-default\">\n\t\t\t\t\t<div class=\"elementor-column elementor-col-100 elementor-top-column elementor-element elementor-element-29a20c7\" data-id=\"29a20c7\" data-element_type=\"column\" data-settings=\"{&quot;background_background&quot;:&quot;classic&quot;}\">\n\t\t\t<div class=\"elementor-widget-wrap elementor-element-populated\">\n\t\t\t\t\t\t\t\t<div class=\"elementor-element elementor-element-18da2db elementor-widget elementor-widget-heading\" data-id=\"18da2db\" data-element_type=\"widget\" data-widget_type=\"heading.default\">\n\t\t\t\t<div class=\"elementor-widget-container\">\n\t\t\t<style>\/*! elementor - v3.13.3 - 22-05-2023 *\/\n.elementor-heading-title{padding:0;margin:0;line-height:1}.elementor-widget-heading .elementor-heading-title[class*=elementor-size-]>a{color:inherit;font-size:inherit;line-height:inherit}.elementor-widget-heading .elementor-heading-title.elementor-size-small{font-size:15px}.elementor-widget-heading .elementor-heading-title.elementor-size-medium{font-size:19px}.elementor-widget-heading .elementor-heading-title.elementor-size-large{font-size:29px}.elementor-widget-heading .elementor-heading-title.elementor-size-xl{font-size:39px}.elementor-widget-heading .elementor-heading-title.elementor-size-xxl{font-size:59px}<\/style><h2 class=\"elementor-heading-title elementor-size-default\">Flores de Bach<\/h2>\t\t<\/div>\n\t\t\t\t<\/div>\n\t\t\t\t<div class=\"elementor-element elementor-element-0e71ba7 elementor-widget__width-initial elementor-widget elementor-widget-text-editor\" data-id=\"0e71ba7\" data-element_type=\"widget\" data-widget_type=\"text-editor.default\">\n\t\t\t\t<div class=\"elementor-widget-container\">\n\t\t\t<style>\/*! elementor - v3.13.3 - 22-05-2023 *\/\n.elementor-widget-text-editor.elementor-drop-cap-view-stacked .elementor-drop-cap{background-color:#69727d;color:#fff}.elementor-widget-text-editor.elementor-drop-cap-view-framed .elementor-drop-cap{color:#69727d;border:3px solid;background-color:transparent}.elementor-widget-text-editor:not(.elementor-drop-cap-view-default) .elementor-drop-cap{margin-top:8px}.elementor-widget-text-editor:not(.elementor-drop-cap-view-default) .elementor-drop-cap-letter{width:1em;height:1em}.elementor-widget-text-editor .elementor-drop-cap{float:left;text-align:center;line-height:1;font-size:50px}.elementor-widget-text-editor .elementor-drop-cap-letter{display:inline-block}<\/style>\t\t\t\t<p>Las Flores de Bach son un sistema de terapia floral desarrollado por el m\u00e9dico ingl\u00e9s Edward Bach. Se emplean 38 flores m\u00e1s el remedio de Rescate.<\/p><p>El remedio de Rescate es una combinaci\u00f3n de cinco flores. Se suele utilizar en situaciones de urgencia.<\/p><p>Estas esencias se obtienen de flores silvestres y plantas, y se utilizan para abordar desequilibrios emocionales y promover el bienestar emocional y mental.<\/p><p>Las Flores de Bach se pueden utilizar solas o en combinaci\u00f3n. Nuestro equipo puede proporcionarte pautas sobre su uso adecuado. Ofrecemos una amplia gama de esencias de Flores de Bach de calidad, junto con el apoyo y el conocimiento necesarios para ayudarte a encontrar el equilibrio emocional y el bienestar mental que buscas.<\/p>\t\t\t\t\t\t<\/div>\n\t\t\t\t<\/div>\n\t\t\t\t\t<\/div>\n\t\t<\/div>\n\t\t\t\t\t\t\t<\/div>\n\t\t<\/section>\n\t\t\t\t<section class=\"elementor-section elementor-top-section elementor-element elementor-element-38e7f9d elementor-hidden-desktop elementor-section-boxed elementor-section-height-default elementor-section-height-default\" data-id=\"38e7f9d\" data-element_type=\"section\">\n\t\t\t\t\t\t<div class=\"elementor-container elementor-column-gap-default\">\n\t\t\t\t\t<div class=\"elementor-column elementor-col-100 elementor-top-column elementor-element elementor-element-aef8bec\" data-id=\"aef8bec\" data-element_type=\"column\">\n\t\t\t<div class=\"elementor-widget-wrap elementor-element-populated\">\n\t\t\t\t\t\t\t\t<div class=\"elementor-element elementor-element-76b5cee elementor-widget elementor-widget-heading\" data-id=\"76b5cee\" data-element_type=\"widget\" data-widget_type=\"heading.default\">\n\t\t\t\t<div class=\"elementor-widget-container\">\n\t\t\t<h2 class=\"elementor-heading-title elementor-size-default\">Flores de Bach<\/h2>\t\t<\/div>\n\t\t\t\t<\/div>\n\t\t\t\t<div class=\"elementor-element elementor-element-9d63c59 elementor-widget elementor-widget-image\" data-id=\"9d63c59\" data-element_type=\"widget\" data-widget_type=\"image.default\">\n\t\t\t\t<div class=\"elementor-widget-container\">\n\t\t\t<style>\/*! elementor - v3.13.3 - 22-05-2023 *\/\n.elementor-widget-image{text-align:center}.elementor-widget-image a{display:inline-block}.elementor-widget-image a img[src$=\".svg\"]{width:48px}.elementor-widget-image img{vertical-align:middle;display:inline-block}<\/style>\t\t\t\t\t\t\t\t\t\t\t\t<img decoding=\"async\" loading=\"lazy\" width=\"750\" height=\"500\" src=\"https:\/\/farmaciamiserachsbarcelona.com\/wp-content\/uploads\/2023\/05\/FLORES_BACH.jpg\" class=\"attachment-large size-large wp-image-188\" alt=\"FLORES_BACH\" srcset=\"https:\/\/farmaciamiserachsbarcelona.com\/wp-content\/uploads\/2023\/05\/FLORES_BACH.jpg 750w, https:\/\/farmaciamiserachsbarcelona.com\/wp-content\/uploads\/2023\/05\/FLORES_BACH-300x200.jpg 300w\" sizes=\"(max-width: 750px) 100vw, 750px\" \/>\t\t\t\t\t\t\t\t\t\t\t\t\t\t\t<\/div>\n\t\t\t\t<\/div>\n\t\t\t\t<div class=\"elementor-element elementor-element-26abbb7 elementor-widget__width-initial elementor-widget elementor-widget-text-editor\" data-id=\"26abbb7\" data-element_type=\"widget\" data-widget_type=\"text-editor.default\">\n\t\t\t\t<div class=\"elementor-widget-container\">\n\t\t\t\t\t\t\t<p>Las Flores de Bach son un sistema de terapia floral desarrollado por el m\u00e9dico ingl\u00e9s Edward Bach. Se emplean 38 flores m\u00e1s el remedio de Rescate.<\/p><p>El remedio de Rescate es una combinaci\u00f3n de cinco flores. Se suele utilizar en situaciones de urgencia.<\/p><p>Estas esencias se obtienen de flores silvestres y plantas, y se utilizan para abordar desequilibrios emocionales y promover el bienestar emocional y mental.<\/p><p>Las Flores de Bach se pueden utilizar solas o en combinaci\u00f3n. Nuestro equipo puede proporcionarte pautas sobre su uso adecuado. Ofrecemos una amplia gama de esencias de Flores de Bach de calidad, junto con el apoyo y el conocimiento necesarios para ayudarte a encontrar el equilibrio emocional y el bienestar mental que buscas.<\/p>\t\t\t\t\t\t<\/div>\n\t\t\t\t<\/div>\n\t\t\t\t\t<\/div>\n\t\t<\/div>\n\t\t\t\t\t\t\t<\/div>\n\t\t<\/section>\n\t\t\t\t<section class=\"elementor-section elementor-top-section elementor-element elementor-element-bfe8397 elementor-section-boxed elementor-section-height-default elementor-section-height-default\" data-id=\"bfe8397\" data-element_type=\"section\">\n\t\t\t\t\t\t<div class=\"elementor-container elementor-column-gap-default\">\n\t\t\t\t\t<div class=\"elementor-column elementor-col-100 elementor-top-column elementor-element elementor-element-6f90ff3\" data-id=\"6f90ff3\" data-element_type=\"column\">\n\t\t\t<div class=\"elementor-widget-wrap elementor-element-populated\">\n\t\t\t\t\t\t\t\t<div class=\"elementor-element elementor-element-edbbf8c elementor-widget elementor-widget-spacer\" data-id=\"edbbf8c\" data-element_type=\"widget\" data-widget_type=\"spacer.default\">\n\t\t\t\t<div class=\"elementor-widget-container\">\n\t\t\t<style>\/*! elementor - v3.13.3 - 22-05-2023 *\/\n.elementor-column .elementor-spacer-inner{height:var(--spacer-size)}.e-con{--container-widget-width:100%}.e-con-inner>.elementor-widget-spacer,.e-con>.elementor-widget-spacer{width:var(--container-widget-width,var(--spacer-size));--align-self:var(--container-widget-align-self,initial);--flex-shrink:0}.e-con-inner>.elementor-widget-spacer>.elementor-widget-container,.e-con-inner>.elementor-widget-spacer>.elementor-widget-container>.elementor-spacer,.e-con>.elementor-widget-spacer>.elementor-widget-container,.e-con>.elementor-widget-spacer>.elementor-widget-container>.elementor-spacer{height:100%}.e-con-inner>.elementor-widget-spacer>.elementor-widget-container>.elementor-spacer>.elementor-spacer-inner,.e-con>.elementor-widget-spacer>.elementor-widget-container>.elementor-spacer>.elementor-spacer-inner{height:var(--container-widget-height,var(--spacer-size))}<\/style>\t\t<div class=\"elementor-spacer\">\n\t\t\t<div class=\"elementor-spacer-inner\"><\/div>\n\t\t<\/div>\n\t\t\t\t<\/div>\n\t\t\t\t<\/div>\n\t\t\t\t\t<\/div>\n\t\t<\/div>\n\t\t\t\t\t\t\t<\/div>\n\t\t<\/section>\n\t\t\t\t\t\t\t<\/div>\n\t\t","protected":false},"excerpt":{"rendered":"<p>Flores de Bach Las Flores de Bach son un sistema de terapia floral desarrollado por el m\u00e9dico ingl\u00e9s Edward Bach. Se emplean 38 flores m\u00e1s el remedio de Rescate. El remedio de Rescate es una combinaci\u00f3n de cinco flores. Se suele utilizar en situaciones de urgencia. Estas esencias se obtienen de flores silvestres y plantas, [&hellip;]<\/p>\n","protected":false},"author":1,"featured_media":0,"parent":0,"menu_order":0,"comment_status":"closed","ping_status":"closed","template":"","meta":{"_monsterinsights_skip_tracking":false,"_monsterinsights_sitenote_active":false,"_monsterinsights_sitenote_note":"","_monsterinsights_sitenote_category":0,"footnotes":""},"yoast_head":"<!-- This site is optimized with the Yoast SEO Premium plugin v20.11 (Yoast SEO v20.11) - https:\/\/yoast.com\/wordpress\/plugins\/seo\/ -->\n<title>Flores de Bach Barcelona. Farmacia Miserachs.<\/title>\n<meta name=\"description\" content=\"Ofrecemos una amplia gama de esencias de Flores de Bach de calidad, para encontrar el equilibrio emocional y el bienestar mental que buscas.\" \/>\n<meta name=\"robots\" content=\"index, follow, max-snippet:-1, max-image-preview:large, max-video-preview:-1\" \/>\n<link rel=\"canonical\" href=\"https:\/\/farmaciamiserachsbarcelona.com\/flores-de-bach\/\" \/>\n<meta property=\"og:locale\" content=\"es_ES\" \/>\n<meta property=\"og:type\" content=\"article\" \/>\n<meta property=\"og:title\" content=\"Flores de Bach\" \/>\n<meta property=\"og:description\" content=\"Ofrecemos una amplia gama de esencias de Flores de Bach de calidad, para encontrar el equilibrio emocional y el bienestar mental que buscas.\" \/>\n<meta property=\"og:url\" content=\"https:\/\/farmaciamiserachsbarcelona.com\/flores-de-bach\/\" \/>\n<meta property=\"og:site_name\" content=\"Farmacia Miserachs\" \/>\n<meta property=\"article:modified_time\" content=\"2023-08-18T14:48:57+00:00\" \/>\n<meta property=\"og:image\" content=\"https:\/\/farmaciamiserachsbarcelona.com\/wp-content\/uploads\/2023\/05\/FLORES_BACH.jpg\" \/>\n<meta name=\"twitter:card\" content=\"summary_large_image\" \/>\n<meta name=\"twitter:label1\" content=\"Tiempo de lectura\" \/>\n\t<meta name=\"twitter:data1\" content=\"2 minutos\" \/>\n<script type=\"application\/ld+json\" class=\"yoast-schema-graph\">{\"@context\":\"https:\/\/schema.org\",\"@graph\":[{\"@type\":\"WebPage\",\"@id\":\"https:\/\/farmaciamiserachsbarcelona.com\/flores-de-bach\/\",\"url\":\"https:\/\/farmaciamiserachsbarcelona.com\/flores-de-bach\/\",\"name\":\"Flores de Bach Barcelona. Farmacia Miserachs.\",\"isPartOf\":{\"@id\":\"https:\/\/farmaciamiserachsbarcelona.com\/#website\"},\"datePublished\":\"2023-05-24T20:57:39+00:00\",\"dateModified\":\"2023-08-18T14:48:57+00:00\",\"description\":\"Ofrecemos una amplia gama de esencias de Flores de Bach de calidad, para encontrar el equilibrio emocional y el bienestar mental que buscas.\",\"breadcrumb\":{\"@id\":\"https:\/\/farmaciamiserachsbarcelona.com\/flores-de-bach\/#breadcrumb\"},\"inLanguage\":\"es\",\"potentialAction\":[{\"@type\":\"ReadAction\",\"target\":[\"https:\/\/farmaciamiserachsbarcelona.com\/flores-de-bach\/\"]}]},{\"@type\":\"BreadcrumbList\",\"@id\":\"https:\/\/farmaciamiserachsbarcelona.com\/flores-de-bach\/#breadcrumb\",\"itemListElement\":[{\"@type\":\"ListItem\",\"position\":1,\"name\":\"Portada\",\"item\":\"https:\/\/farmaciamiserachsbarcelona.com\/es\/\"},{\"@type\":\"ListItem\",\"position\":2,\"name\":\"Flores de Bach\"}]},{\"@type\":\"WebSite\",\"@id\":\"https:\/\/farmaciamiserachsbarcelona.com\/#website\",\"url\":\"https:\/\/farmaciamiserachsbarcelona.com\/\",\"name\":\"Farmacia Miserachs\",\"description\":\"Tu farmacia especializada en homeopat\u00eda y cosm\u00e9tica natural\",\"publisher\":{\"@id\":\"https:\/\/farmaciamiserachsbarcelona.com\/#organization\"},\"potentialAction\":[{\"@type\":\"SearchAction\",\"target\":{\"@type\":\"EntryPoint\",\"urlTemplate\":\"https:\/\/farmaciamiserachsbarcelona.com\/?s={search_term_string}\"},\"query-input\":\"required name=search_term_string\"}],\"inLanguage\":\"es\"},{\"@type\":\"Organization\",\"@id\":\"https:\/\/farmaciamiserachsbarcelona.com\/#organization\",\"name\":\"Farmacia Miserachs\",\"url\":\"https:\/\/farmaciamiserachsbarcelona.com\/\",\"logo\":{\"@type\":\"ImageObject\",\"inLanguage\":\"es\",\"@id\":\"https:\/\/farmaciamiserachsbarcelona.com\/#\/schema\/logo\/image\/\",\"url\":\"https:\/\/farmaciamiserachsbarcelona.com\/wp-content\/uploads\/2023\/05\/logo_farmacia_miserachs-1.png\",\"contentUrl\":\"https:\/\/farmaciamiserachsbarcelona.com\/wp-content\/uploads\/2023\/05\/logo_farmacia_miserachs-1.png\",\"width\":424,\"height\":54,\"caption\":\"Farmacia Miserachs\"},\"image\":{\"@id\":\"https:\/\/farmaciamiserachsbarcelona.com\/#\/schema\/logo\/image\/\"}}]}<\/script>\n<!-- \/ Yoast SEO Premium plugin. -->","yoast_head_json":{"title":"Flores de Bach Barcelona. Farmacia Miserachs.","description":"Ofrecemos una amplia gama de esencias de Flores de Bach de calidad, para encontrar el equilibrio emocional y el bienestar mental que buscas.","robots":{"index":"index","follow":"follow","max-snippet":"max-snippet:-1","max-image-preview":"max-image-preview:large","max-video-preview":"max-video-preview:-1"},"canonical":"https:\/\/farmaciamiserachsbarcelona.com\/flores-de-bach\/","og_locale":"es_ES","og_type":"article","og_title":"Flores de Bach","og_description":"Ofrecemos una amplia gama de esencias de Flores de Bach de calidad, para encontrar el equilibrio emocional y el bienestar mental que buscas.","og_url":"https:\/\/farmaciamiserachsbarcelona.com\/flores-de-bach\/","og_site_name":"Farmacia Miserachs","article_modified_time":"2023-08-18T14:48:57+00:00","og_image":[{"url":"https:\/\/farmaciamiserachsbarcelona.com\/wp-content\/uploads\/2023\/05\/FLORES_BACH.jpg"}],"twitter_card":"summary_large_image","twitter_misc":{"Tiempo de lectura":"2 minutos"},"schema":{"@context":"https:\/\/schema.org","@graph":[{"@type":"WebPage","@id":"https:\/\/farmaciamiserachsbarcelona.com\/flores-de-bach\/","url":"https:\/\/farmaciamiserachsbarcelona.com\/flores-de-bach\/","name":"Flores de Bach Barcelona. Farmacia Miserachs.","isPartOf":{"@id":"https:\/\/farmaciamiserachsbarcelona.com\/#website"},"datePublished":"2023-05-24T20:57:39+00:00","dateModified":"2023-08-18T14:48:57+00:00","description":"Ofrecemos una amplia gama de esencias de Flores de Bach de calidad, para encontrar el equilibrio emocional y el bienestar mental que buscas.","breadcrumb":{"@id":"https:\/\/farmaciamiserachsbarcelona.com\/flores-de-bach\/#breadcrumb"},"inLanguage":"es","potentialAction":[{"@type":"ReadAction","target":["https:\/\/farmaciamiserachsbarcelona.com\/flores-de-bach\/"]}]},{"@type":"BreadcrumbList","@id":"https:\/\/farmaciamiserachsbarcelona.com\/flores-de-bach\/#breadcrumb","itemListElement":[{"@type":"ListItem","position":1,"name":"Portada","item":"https:\/\/farmaciamiserachsbarcelona.com\/es\/"},{"@type":"ListItem","position":2,"name":"Flores de Bach"}]},{"@type":"WebSite","@id":"https:\/\/farmaciamiserachsbarcelona.com\/#website","url":"https:\/\/farmaciamiserachsbarcelona.com\/","name":"Farmacia Miserachs","description":"Tu farmacia especializada en homeopat\u00eda y cosm\u00e9tica natural","publisher":{"@id":"https:\/\/farmaciamiserachsbarcelona.com\/#organization"},"potentialAction":[{"@type":"SearchAction","target":{"@type":"EntryPoint","urlTemplate":"https:\/\/farmaciamiserachsbarcelona.com\/?s={search_term_string}"},"query-input":"required name=search_term_string"}],"inLanguage":"es"},{"@type":"Organization","@id":"https:\/\/farmaciamiserachsbarcelona.com\/#organization","name":"Farmacia Miserachs","url":"https:\/\/farmaciamiserachsbarcelona.com\/","logo":{"@type":"ImageObject","inLanguage":"es","@id":"https:\/\/farmaciamiserachsbarcelona.com\/#\/schema\/logo\/image\/","url":"https:\/\/farmaciamiserachsbarcelona.com\/wp-content\/uploads\/2023\/05\/logo_farmacia_miserachs-1.png","contentUrl":"https:\/\/farmaciamiserachsbarcelona.com\/wp-content\/uploads\/2023\/05\/logo_farmacia_miserachs-1.png","width":424,"height":54,"caption":"Farmacia Miserachs"},"image":{"@id":"https:\/\/farmaciamiserachsbarcelona.com\/#\/schema\/logo\/image\/"}}]}},"_links":{"self":[{"href":"https:\/\/farmaciamiserachsbarcelona.com\/es\/wp-json\/wp\/v2\/pages\/21"}],"collection":[{"href":"https:\/\/farmaciamiserachsbarcelona.com\/es\/wp-json\/wp\/v2\/pages"}],"about":[{"href":"https:\/\/farmaciamiserachsbarcelona.com\/es\/wp-json\/wp\/v2\/types\/page"}],"author":[{"embeddable":true,"href":"https:\/\/farmaciamiserachsbarcelona.com\/es\/wp-json\/wp\/v2\/users\/1"}],"replies":[{"embeddable":true,"href":"https:\/\/farmaciamiserachsbarcelona.com\/es\/wp-json\/wp\/v2\/comments?post=21"}],"version-history":[{"count":26,"href":"https:\/\/farmaciamiserachsbarcelona.com\/es\/wp-json\/wp\/v2\/pages\/21\/revisions"}],"predecessor-version":[{"id":1246,"href":"https:\/\/farmaciamiserachsbarcelona.com\/es\/wp-json\/wp\/v2\/pages\/21\/revisions\/1246"}],"wp:attachment":[{"href":"https:\/\/farmaciamiserachsbarcelona.com\/es\/wp-json\/wp\/v2\/media?parent=21"}],"curies":[{"name":"wp","href":"https:\/\/api.w.org\/{rel}","templated":true}]}}