{"id":28,"date":"2023-05-24T21:01:10","date_gmt":"2023-05-24T21:01:10","guid":{"rendered":"https:\/\/farmaciamiserachsbarcelona.com\/?page_id=28"},"modified":"2023-10-26T11:37:52","modified_gmt":"2023-10-26T11:37:52","slug":"cosmetica","status":"publish","type":"page","link":"https:\/\/farmaciamiserachsbarcelona.com\/es\/cosmetica\/","title":{"rendered":"Cosm\u00e9tica"},"content":{"rendered":"\t\t<div data-elementor-type=\"wp-page\" data-elementor-id=\"28\" class=\"elementor elementor-28\">\n\t\t\t\t\t\t\t\t\t<section class=\"elementor-section elementor-top-section elementor-element elementor-element-b08e029 elementor-section-height-min-height elementor-hidden-tablet elementor-hidden-mobile elementor-section-boxed elementor-section-height-default elementor-section-items-middle\" data-id=\"b08e029\" data-element_type=\"section\" data-settings=\"{&quot;background_background&quot;:&quot;classic&quot;}\">\n\t\t\t\t\t\t<div class=\"elementor-container elementor-column-gap-default\">\n\t\t\t\t\t<div class=\"elementor-column elementor-col-100 elementor-top-column elementor-element elementor-element-ca01112\" data-id=\"ca01112\" data-element_type=\"column\" data-settings=\"{&quot;background_background&quot;:&quot;classic&quot;}\">\n\t\t\t<div class=\"elementor-widget-wrap elementor-element-populated\">\n\t\t\t\t\t\t\t\t<div class=\"elementor-element elementor-element-c4d62b7 elementor-widget elementor-widget-heading\" data-id=\"c4d62b7\" data-element_type=\"widget\" data-widget_type=\"heading.default\">\n\t\t\t\t<div class=\"elementor-widget-container\">\n\t\t\t<style>\/*! elementor - v3.13.3 - 22-05-2023 *\/\n.elementor-heading-title{padding:0;margin:0;line-height:1}.elementor-widget-heading .elementor-heading-title[class*=elementor-size-]>a{color:inherit;font-size:inherit;line-height:inherit}.elementor-widget-heading .elementor-heading-title.elementor-size-small{font-size:15px}.elementor-widget-heading .elementor-heading-title.elementor-size-medium{font-size:19px}.elementor-widget-heading .elementor-heading-title.elementor-size-large{font-size:29px}.elementor-widget-heading .elementor-heading-title.elementor-size-xl{font-size:39px}.elementor-widget-heading .elementor-heading-title.elementor-size-xxl{font-size:59px}<\/style><h2 class=\"elementor-heading-title elementor-size-default\">Dermocosm\u00e9tica<\/h2>\t\t<\/div>\n\t\t\t\t<\/div>\n\t\t\t\t<div class=\"elementor-element elementor-element-5a0e44a elementor-widget__width-initial elementor-widget elementor-widget-text-editor\" data-id=\"5a0e44a\" data-element_type=\"widget\" data-widget_type=\"text-editor.default\">\n\t\t\t\t<div class=\"elementor-widget-container\">\n\t\t\t<style>\/*! elementor - v3.13.3 - 22-05-2023 *\/\n.elementor-widget-text-editor.elementor-drop-cap-view-stacked .elementor-drop-cap{background-color:#69727d;color:#fff}.elementor-widget-text-editor.elementor-drop-cap-view-framed .elementor-drop-cap{color:#69727d;border:3px solid;background-color:transparent}.elementor-widget-text-editor:not(.elementor-drop-cap-view-default) .elementor-drop-cap{margin-top:8px}.elementor-widget-text-editor:not(.elementor-drop-cap-view-default) .elementor-drop-cap-letter{width:1em;height:1em}.elementor-widget-text-editor .elementor-drop-cap{float:left;text-align:center;line-height:1;font-size:50px}.elementor-widget-text-editor .elementor-drop-cap-letter{display:inline-block}<\/style>\t\t\t\t<p>La piel es el mayor \u00f3rgano del cuerpo humano. Act\u00faa como barrera protectora que a\u00edsla al organismo del medio que lo rodea, protegi\u00e9ndolo y contribuyendo a mantener \u00edntegras sus estructuras, al tiempo que act\u00faa como sistema de comunicaci\u00f3n con el entorno.<\/p><p>La piel puede sufrir diferentes alteraciones causadas tanto por factores internos como externos.<br \/>&#8211; <strong>Factores internos<\/strong>, que pueden ser muy diversos: dieta desequilibrada, d\u00e9ficit nutricional, trastornos hormonales, trastornos autoinmunes, etc. provocando que nuestra piel se debilite.<\/p><p>&#8211; <strong>Factores externos<\/strong>, principalmente agentes f\u00edsicos naturales que agreden la piel. El m\u00e1s importante ser\u00eda el sol. Este deterioro que sufre la piel se presenta en forma de quemaduras, arrugas y\/o manchas. Todo ello causa el envejecimiento prematuro de la piel.<\/p><p>En estos dos niveles es donde nosotros podemos ayudar a disminuir este deterioramiento. Ya sea a un nivel interno (antioxidantes, vitaminas&#8230;) o a un nivel externo con la ayuda de la dermocosm\u00e9tica. Por definici\u00f3n, la dermocosm\u00e9tica, se ocupa del cuidado y la mejora est\u00e9tica de la piel, mediante la prevenci\u00f3n o reparaci\u00f3n de las constantes alteraciones que sufre.<\/p>\t\t\t\t\t\t<\/div>\n\t\t\t\t<\/div>\n\t\t\t\t\t<\/div>\n\t\t<\/div>\n\t\t\t\t\t\t\t<\/div>\n\t\t<\/section>\n\t\t\t\t<section class=\"elementor-section elementor-top-section elementor-element elementor-element-ff0a534 elementor-hidden-desktop elementor-section-boxed elementor-section-height-default elementor-section-height-default\" data-id=\"ff0a534\" data-element_type=\"section\">\n\t\t\t\t\t\t<div class=\"elementor-container elementor-column-gap-default\">\n\t\t\t\t\t<div class=\"elementor-column elementor-col-100 elementor-top-column elementor-element elementor-element-d80a744\" data-id=\"d80a744\" data-element_type=\"column\">\n\t\t\t<div class=\"elementor-widget-wrap elementor-element-populated\">\n\t\t\t\t\t\t\t\t<div class=\"elementor-element elementor-element-ea3fc7b elementor-widget elementor-widget-heading\" data-id=\"ea3fc7b\" data-element_type=\"widget\" data-widget_type=\"heading.default\">\n\t\t\t\t<div class=\"elementor-widget-container\">\n\t\t\t<h2 class=\"elementor-heading-title elementor-size-default\">Dermocosm\u00e9tica<\/h2>\t\t<\/div>\n\t\t\t\t<\/div>\n\t\t\t\t<div class=\"elementor-element elementor-element-acb181c elementor-widget elementor-widget-image\" data-id=\"acb181c\" data-element_type=\"widget\" data-widget_type=\"image.default\">\n\t\t\t\t<div class=\"elementor-widget-container\">\n\t\t\t<style>\/*! elementor - v3.13.3 - 22-05-2023 *\/\n.elementor-widget-image{text-align:center}.elementor-widget-image a{display:inline-block}.elementor-widget-image a img[src$=\".svg\"]{width:48px}.elementor-widget-image img{vertical-align:middle;display:inline-block}<\/style>\t\t\t\t\t\t\t\t\t\t\t\t<img decoding=\"async\" loading=\"lazy\" width=\"739\" height=\"587\" src=\"https:\/\/farmaciamiserachsbarcelona.com\/wp-content\/uploads\/2023\/06\/dermocosmetica.jpg\" class=\"attachment-large size-large wp-image-816\" alt=\"dermocosmetica\" srcset=\"https:\/\/farmaciamiserachsbarcelona.com\/wp-content\/uploads\/2023\/06\/dermocosmetica.jpg 739w, https:\/\/farmaciamiserachsbarcelona.com\/wp-content\/uploads\/2023\/06\/dermocosmetica-300x238.jpg 300w\" sizes=\"(max-width: 739px) 100vw, 739px\" \/>\t\t\t\t\t\t\t\t\t\t\t\t\t\t\t<\/div>\n\t\t\t\t<\/div>\n\t\t\t\t<div class=\"elementor-element elementor-element-563a967 elementor-widget elementor-widget-text-editor\" data-id=\"563a967\" data-element_type=\"widget\" data-widget_type=\"text-editor.default\">\n\t\t\t\t<div class=\"elementor-widget-container\">\n\t\t\t\t\t\t\t<p>La piel es el mayor \u00f3rgano del cuerpo humano. Act\u00faa como barrera protectora que a\u00edsla al organismo del medio que lo rodea, protegi\u00e9ndolo y contribuyendo a mantener \u00edntegras sus estructuras, al tiempo que act\u00faa como sistema de comunicaci\u00f3n con el entorno.<\/p><p>La piel puede sufrir diferentes alteraciones causadas tanto por factores internos como externos.<br \/>&#8211; <strong>Factores internos<\/strong>, que pueden ser muy diversos: dieta desequilibrada, d\u00e9ficit nutricional, trastornos hormonales, trastornos autoinmunes, etc. provocando que nuestra piel se debilite.<\/p><p>&#8211; <strong>Factores externos<\/strong>, principalmente agentes f\u00edsicos naturales que agreden la piel. El m\u00e1s importante ser\u00eda el sol. Este deterioro que sufre la piel se presenta en forma de quemaduras, arrugas y\/o manchas. Todo ello causa el envejecimiento prematuro de la piel.<\/p><p>En estos dos niveles es donde nosotros podemos ayudar a disminuir este deterioramiento. Ya sea a un nivel interno (antioxidantes, vitaminas&#8230;) o a un nivel externo con la ayuda de la dermocosm\u00e9tica. Por definici\u00f3n, la dermocosm\u00e9tica, se ocupa del cuidado y la mejora est\u00e9tica de la piel, mediante la prevenci\u00f3n o reparaci\u00f3n de las constantes alteraciones que sufre.<\/p>\t\t\t\t\t\t<\/div>\n\t\t\t\t<\/div>\n\t\t\t\t<div class=\"elementor-element elementor-element-277e5c6 elementor-widget elementor-widget-spacer\" data-id=\"277e5c6\" data-element_type=\"widget\" data-widget_type=\"spacer.default\">\n\t\t\t\t<div class=\"elementor-widget-container\">\n\t\t\t<style>\/*! elementor - v3.13.3 - 22-05-2023 *\/\n.elementor-column .elementor-spacer-inner{height:var(--spacer-size)}.e-con{--container-widget-width:100%}.e-con-inner>.elementor-widget-spacer,.e-con>.elementor-widget-spacer{width:var(--container-widget-width,var(--spacer-size));--align-self:var(--container-widget-align-self,initial);--flex-shrink:0}.e-con-inner>.elementor-widget-spacer>.elementor-widget-container,.e-con-inner>.elementor-widget-spacer>.elementor-widget-container>.elementor-spacer,.e-con>.elementor-widget-spacer>.elementor-widget-container,.e-con>.elementor-widget-spacer>.elementor-widget-container>.elementor-spacer{height:100%}.e-con-inner>.elementor-widget-spacer>.elementor-widget-container>.elementor-spacer>.elementor-spacer-inner,.e-con>.elementor-widget-spacer>.elementor-widget-container>.elementor-spacer>.elementor-spacer-inner{height:var(--container-widget-height,var(--spacer-size))}<\/style>\t\t<div class=\"elementor-spacer\">\n\t\t\t<div class=\"elementor-spacer-inner\"><\/div>\n\t\t<\/div>\n\t\t\t\t<\/div>\n\t\t\t\t<\/div>\n\t\t\t\t<div class=\"elementor-element elementor-element-5ee0cdb elementor-widget elementor-widget-heading\" data-id=\"5ee0cdb\" data-element_type=\"widget\" data-widget_type=\"heading.default\">\n\t\t\t\t<div class=\"elementor-widget-container\">\n\t\t\t<h2 class=\"elementor-heading-title elementor-size-default\">Cosm\u00e9tica Natural<\/h2>\t\t<\/div>\n\t\t\t\t<\/div>\n\t\t\t\t<div class=\"elementor-element elementor-element-867aad9 elementor-widget elementor-widget-image\" data-id=\"867aad9\" data-element_type=\"widget\" data-widget_type=\"image.default\">\n\t\t\t\t<div class=\"elementor-widget-container\">\n\t\t\t\t\t\t\t\t\t\t\t\t\t\t\t<img decoding=\"async\" loading=\"lazy\" width=\"800\" height=\"665\" src=\"https:\/\/farmaciamiserachsbarcelona.com\/wp-content\/uploads\/2023\/06\/cosmetica_natural.jpg\" class=\"attachment-large size-large wp-image-814\" alt=\"cosmetica_natural\" srcset=\"https:\/\/farmaciamiserachsbarcelona.com\/wp-content\/uploads\/2023\/06\/cosmetica_natural.jpg 818w, https:\/\/farmaciamiserachsbarcelona.com\/wp-content\/uploads\/2023\/06\/cosmetica_natural-300x249.jpg 300w, https:\/\/farmaciamiserachsbarcelona.com\/wp-content\/uploads\/2023\/06\/cosmetica_natural-768x638.jpg 768w\" sizes=\"(max-width: 800px) 100vw, 800px\" \/>\t\t\t\t\t\t\t\t\t\t\t\t\t\t\t<\/div>\n\t\t\t\t<\/div>\n\t\t\t\t<div class=\"elementor-element elementor-element-023c5dd elementor-widget__width-initial elementor-widget elementor-widget-text-editor\" data-id=\"023c5dd\" data-element_type=\"widget\" data-widget_type=\"text-editor.default\">\n\t\t\t\t<div class=\"elementor-widget-container\">\n\t\t\t\t\t\t\t<p>La cosm\u00e9tica natural se refiere a productos para el cuidado de la piel, el cabello y el cuerpo que est\u00e1n formulados con ingredientes naturales y evitan el uso de qu\u00edmicos agresivos o sint\u00e9ticos. En nuestra farmacia, valoramos los beneficios de la cosm\u00e9tica natural y la integramos en nuestra oferta de productos y servicios. Trabajamos con marcas y productos que utilizan ingredientes naturales de alta calidad y que se adhieren a los est\u00e1ndares \u00e9ticos y sostenibles.<\/p><p>Nuestro equipo especializado puede asesorarte sobre los productos de cosm\u00e9tica natural m\u00e1s adecuados para tus necesidades espec\u00edficas, ya sea para hidratar, nutrir, proteger o rejuvenecer tu piel y cabello. Adem\u00e1s, proporcionamos informaci\u00f3n sobre los ingredientes utilizados y sus beneficios para que puedas tomar decisiones informadas y de manera consciente.<\/p>\t\t\t\t\t\t<\/div>\n\t\t\t\t<\/div>\n\t\t\t\t\t<\/div>\n\t\t<\/div>\n\t\t\t\t\t\t\t<\/div>\n\t\t<\/section>\n\t\t\t\t<section class=\"elementor-section elementor-top-section elementor-element elementor-element-69d48f6 elementor-hidden-tablet elementor-hidden-mobile elementor-section-boxed elementor-section-height-default elementor-section-height-default\" data-id=\"69d48f6\" data-element_type=\"section\">\n\t\t\t\t\t\t<div class=\"elementor-container elementor-column-gap-default\">\n\t\t\t\t\t<div class=\"elementor-column elementor-col-100 elementor-top-column elementor-element elementor-element-9d3fbca\" data-id=\"9d3fbca\" data-element_type=\"column\">\n\t\t\t<div class=\"elementor-widget-wrap elementor-element-populated\">\n\t\t\t\t\t\t\t\t<div class=\"elementor-element elementor-element-747a530 elementor-widget elementor-widget-spacer\" data-id=\"747a530\" data-element_type=\"widget\" data-widget_type=\"spacer.default\">\n\t\t\t\t<div class=\"elementor-widget-container\">\n\t\t\t\t\t<div class=\"elementor-spacer\">\n\t\t\t<div class=\"elementor-spacer-inner\"><\/div>\n\t\t<\/div>\n\t\t\t\t<\/div>\n\t\t\t\t<\/div>\n\t\t\t\t\t<\/div>\n\t\t<\/div>\n\t\t\t\t\t\t\t<\/div>\n\t\t<\/section>\n\t\t\t\t<section class=\"elementor-section elementor-top-section elementor-element elementor-element-0e7948b elementor-section-height-min-height elementor-section-items-top elementor-hidden-tablet elementor-hidden-mobile elementor-section-boxed elementor-section-height-default\" data-id=\"0e7948b\" data-element_type=\"section\">\n\t\t\t\t\t\t<div class=\"elementor-container elementor-column-gap-default\">\n\t\t\t\t\t<div class=\"elementor-column elementor-col-100 elementor-top-column elementor-element elementor-element-319bc46\" data-id=\"319bc46\" data-element_type=\"column\" data-settings=\"{&quot;background_background&quot;:&quot;classic&quot;}\">\n\t\t\t<div class=\"elementor-widget-wrap elementor-element-populated\">\n\t\t\t\t\t\t\t\t<section class=\"elementor-section elementor-inner-section elementor-element elementor-element-3350246 elementor-section-boxed elementor-section-height-default elementor-section-height-default\" data-id=\"3350246\" data-element_type=\"section\">\n\t\t\t\t\t\t<div class=\"elementor-container elementor-column-gap-default\">\n\t\t\t\t\t<div class=\"elementor-column elementor-col-50 elementor-inner-column elementor-element elementor-element-3147986\" data-id=\"3147986\" data-element_type=\"column\">\n\t\t\t<div class=\"elementor-widget-wrap\">\n\t\t\t\t\t\t\t\t\t<\/div>\n\t\t<\/div>\n\t\t\t\t<div class=\"elementor-column elementor-col-50 elementor-inner-column elementor-element elementor-element-99069fc\" data-id=\"99069fc\" data-element_type=\"column\">\n\t\t\t<div class=\"elementor-widget-wrap elementor-element-populated\">\n\t\t\t\t\t\t\t\t<div class=\"elementor-element elementor-element-ddf2673 elementor-widget elementor-widget-heading\" data-id=\"ddf2673\" data-element_type=\"widget\" data-widget_type=\"heading.default\">\n\t\t\t\t<div class=\"elementor-widget-container\">\n\t\t\t<h2 class=\"elementor-heading-title elementor-size-default\">Cosm\u00e9tica Natural<\/h2>\t\t<\/div>\n\t\t\t\t<\/div>\n\t\t\t\t<div class=\"elementor-element elementor-element-48cb9d8 elementor-widget__width-initial elementor-widget elementor-widget-text-editor\" data-id=\"48cb9d8\" data-element_type=\"widget\" data-widget_type=\"text-editor.default\">\n\t\t\t\t<div class=\"elementor-widget-container\">\n\t\t\t\t\t\t\t<p>La cosm\u00e9tica natural se refiere a productos para el cuidado de la piel, el cabello y el cuerpo que est\u00e1n formulados con ingredientes naturales y evitan el uso de qu\u00edmicos agresivos o sint\u00e9ticos. En nuestra farmacia, valoramos los beneficios de la cosm\u00e9tica natural y la integramos en nuestra oferta de productos y servicios. Trabajamos con marcas y productos que utilizan ingredientes naturales de alta calidad y que se adhieren a los est\u00e1ndares \u00e9ticos y sostenibles.<\/p><p>Nuestro equipo especializado puede asesorarte sobre los productos de cosm\u00e9tica natural m\u00e1s adecuados para tus necesidades espec\u00edficas, ya sea para hidratar, nutrir, proteger o rejuvenecer tu piel y cabello. Adem\u00e1s, proporcionamos informaci\u00f3n sobre los ingredientes utilizados y sus beneficios para que puedas tomar decisiones informadas y de manera consciente.<\/p>\t\t\t\t\t\t<\/div>\n\t\t\t\t<\/div>\n\t\t\t\t\t<\/div>\n\t\t<\/div>\n\t\t\t\t\t\t\t<\/div>\n\t\t<\/section>\n\t\t\t\t\t<\/div>\n\t\t<\/div>\n\t\t\t\t\t\t\t<\/div>\n\t\t<\/section>\n\t\t\t\t<section class=\"elementor-section elementor-top-section elementor-element elementor-element-b7dc6cb elementor-section-boxed elementor-section-height-default elementor-section-height-default\" data-id=\"b7dc6cb\" data-element_type=\"section\">\n\t\t\t\t\t\t<div class=\"elementor-container elementor-column-gap-default\">\n\t\t\t\t\t<div class=\"elementor-column elementor-col-100 elementor-top-column elementor-element elementor-element-b882016\" data-id=\"b882016\" data-element_type=\"column\">\n\t\t\t<div class=\"elementor-widget-wrap elementor-element-populated\">\n\t\t\t\t\t\t\t\t<div class=\"elementor-element elementor-element-63ad1bd elementor-widget elementor-widget-spacer\" data-id=\"63ad1bd\" data-element_type=\"widget\" data-widget_type=\"spacer.default\">\n\t\t\t\t<div class=\"elementor-widget-container\">\n\t\t\t\t\t<div class=\"elementor-spacer\">\n\t\t\t<div class=\"elementor-spacer-inner\"><\/div>\n\t\t<\/div>\n\t\t\t\t<\/div>\n\t\t\t\t<\/div>\n\t\t\t\t\t<\/div>\n\t\t<\/div>\n\t\t\t\t\t\t\t<\/div>\n\t\t<\/section>\n\t\t\t\t\t\t\t<\/div>\n\t\t","protected":false},"excerpt":{"rendered":"<p>Dermocosm\u00e9tica La piel es el mayor \u00f3rgano del cuerpo humano. Act\u00faa como barrera protectora que a\u00edsla al organismo del medio que lo rodea, protegi\u00e9ndolo y contribuyendo a mantener \u00edntegras sus estructuras, al tiempo que act\u00faa como sistema de comunicaci\u00f3n con el entorno. La piel puede sufrir diferentes alteraciones causadas tanto por factores internos como externos.&#8211; [&hellip;]<\/p>\n","protected":false},"author":1,"featured_media":0,"parent":0,"menu_order":0,"comment_status":"closed","ping_status":"closed","template":"","meta":{"_monsterinsights_skip_tracking":false,"_monsterinsights_sitenote_active":false,"_monsterinsights_sitenote_note":"","_monsterinsights_sitenote_category":0,"footnotes":""},"yoast_head":"<!-- This site is optimized with the Yoast SEO Premium plugin v20.11 (Yoast SEO v20.11) - https:\/\/yoast.com\/wordpress\/plugins\/seo\/ -->\n<title>cosm\u00e9tica natural y dermocosm\u00e9tica en Barcelona<\/title>\n<meta name=\"description\" content=\"Te asesoramos sobre los productos de cosm\u00e9tica natural ya sea para hidratar, nutrir, proteger o rejuvenecer tu piel y cabello.\" \/>\n<meta name=\"robots\" content=\"index, follow, max-snippet:-1, max-image-preview:large, max-video-preview:-1\" \/>\n<link rel=\"canonical\" href=\"https:\/\/farmaciamiserachsbarcelona.com\/cosmetica\/\" \/>\n<meta property=\"og:locale\" content=\"es_ES\" \/>\n<meta property=\"og:type\" content=\"article\" \/>\n<meta property=\"og:title\" content=\"Cosm\u00e9tica\" \/>\n<meta property=\"og:description\" content=\"Te asesoramos sobre los productos de cosm\u00e9tica natural ya sea para hidratar, nutrir, proteger o rejuvenecer tu piel y cabello.\" \/>\n<meta property=\"og:url\" content=\"https:\/\/farmaciamiserachsbarcelona.com\/cosmetica\/\" \/>\n<meta property=\"og:site_name\" content=\"Farmacia Miserachs\" \/>\n<meta property=\"article:modified_time\" content=\"2023-10-26T11:37:52+00:00\" \/>\n<meta property=\"og:image\" content=\"https:\/\/farmaciamiserachsbarcelona.com\/wp-content\/uploads\/2023\/06\/dermocosmetica.jpg\" \/>\n<meta name=\"twitter:card\" content=\"summary_large_image\" \/>\n<meta name=\"twitter:label1\" content=\"Tiempo de lectura\" \/>\n\t<meta name=\"twitter:data1\" content=\"4 minutos\" \/>\n<script type=\"application\/ld+json\" class=\"yoast-schema-graph\">{\"@context\":\"https:\/\/schema.org\",\"@graph\":[{\"@type\":\"WebPage\",\"@id\":\"https:\/\/farmaciamiserachsbarcelona.com\/cosmetica\/\",\"url\":\"https:\/\/farmaciamiserachsbarcelona.com\/cosmetica\/\",\"name\":\"cosm\u00e9tica natural y dermocosm\u00e9tica en Barcelona\",\"isPartOf\":{\"@id\":\"https:\/\/farmaciamiserachsbarcelona.com\/#website\"},\"datePublished\":\"2023-05-24T21:01:10+00:00\",\"dateModified\":\"2023-10-26T11:37:52+00:00\",\"description\":\"Te asesoramos sobre los productos de cosm\u00e9tica natural ya sea para hidratar, nutrir, proteger o rejuvenecer tu piel y cabello.\",\"breadcrumb\":{\"@id\":\"https:\/\/farmaciamiserachsbarcelona.com\/cosmetica\/#breadcrumb\"},\"inLanguage\":\"es\",\"potentialAction\":[{\"@type\":\"ReadAction\",\"target\":[\"https:\/\/farmaciamiserachsbarcelona.com\/cosmetica\/\"]}]},{\"@type\":\"BreadcrumbList\",\"@id\":\"https:\/\/farmaciamiserachsbarcelona.com\/cosmetica\/#breadcrumb\",\"itemListElement\":[{\"@type\":\"ListItem\",\"position\":1,\"name\":\"Portada\",\"item\":\"https:\/\/farmaciamiserachsbarcelona.com\/es\/\"},{\"@type\":\"ListItem\",\"position\":2,\"name\":\"Cosm\u00e9tica\"}]},{\"@type\":\"WebSite\",\"@id\":\"https:\/\/farmaciamiserachsbarcelona.com\/#website\",\"url\":\"https:\/\/farmaciamiserachsbarcelona.com\/\",\"name\":\"Farmacia Miserachs\",\"description\":\"Tu farmacia especializada en homeopat\u00eda y cosm\u00e9tica natural\",\"publisher\":{\"@id\":\"https:\/\/farmaciamiserachsbarcelona.com\/#organization\"},\"potentialAction\":[{\"@type\":\"SearchAction\",\"target\":{\"@type\":\"EntryPoint\",\"urlTemplate\":\"https:\/\/farmaciamiserachsbarcelona.com\/?s={search_term_string}\"},\"query-input\":\"required name=search_term_string\"}],\"inLanguage\":\"es\"},{\"@type\":\"Organization\",\"@id\":\"https:\/\/farmaciamiserachsbarcelona.com\/#organization\",\"name\":\"Farmacia Miserachs\",\"url\":\"https:\/\/farmaciamiserachsbarcelona.com\/\",\"logo\":{\"@type\":\"ImageObject\",\"inLanguage\":\"es\",\"@id\":\"https:\/\/farmaciamiserachsbarcelona.com\/#\/schema\/logo\/image\/\",\"url\":\"https:\/\/farmaciamiserachsbarcelona.com\/wp-content\/uploads\/2023\/05\/logo_farmacia_miserachs-1.png\",\"contentUrl\":\"https:\/\/farmaciamiserachsbarcelona.com\/wp-content\/uploads\/2023\/05\/logo_farmacia_miserachs-1.png\",\"width\":424,\"height\":54,\"caption\":\"Farmacia Miserachs\"},\"image\":{\"@id\":\"https:\/\/farmaciamiserachsbarcelona.com\/#\/schema\/logo\/image\/\"}}]}<\/script>\n<!-- \/ Yoast SEO Premium plugin. -->","yoast_head_json":{"title":"cosm\u00e9tica natural y dermocosm\u00e9tica en Barcelona","description":"Te asesoramos sobre los productos de cosm\u00e9tica natural ya sea para hidratar, nutrir, proteger o rejuvenecer tu piel y cabello.","robots":{"index":"index","follow":"follow","max-snippet":"max-snippet:-1","max-image-preview":"max-image-preview:large","max-video-preview":"max-video-preview:-1"},"canonical":"https:\/\/farmaciamiserachsbarcelona.com\/cosmetica\/","og_locale":"es_ES","og_type":"article","og_title":"Cosm\u00e9tica","og_description":"Te asesoramos sobre los productos de cosm\u00e9tica natural ya sea para hidratar, nutrir, proteger o rejuvenecer tu piel y cabello.","og_url":"https:\/\/farmaciamiserachsbarcelona.com\/cosmetica\/","og_site_name":"Farmacia Miserachs","article_modified_time":"2023-10-26T11:37:52+00:00","og_image":[{"url":"https:\/\/farmaciamiserachsbarcelona.com\/wp-content\/uploads\/2023\/06\/dermocosmetica.jpg"}],"twitter_card":"summary_large_image","twitter_misc":{"Tiempo de lectura":"4 minutos"},"schema":{"@context":"https:\/\/schema.org","@graph":[{"@type":"WebPage","@id":"https:\/\/farmaciamiserachsbarcelona.com\/cosmetica\/","url":"https:\/\/farmaciamiserachsbarcelona.com\/cosmetica\/","name":"cosm\u00e9tica natural y dermocosm\u00e9tica en Barcelona","isPartOf":{"@id":"https:\/\/farmaciamiserachsbarcelona.com\/#website"},"datePublished":"2023-05-24T21:01:10+00:00","dateModified":"2023-10-26T11:37:52+00:00","description":"Te asesoramos sobre los productos de cosm\u00e9tica natural ya sea para hidratar, nutrir, proteger o rejuvenecer tu piel y cabello.","breadcrumb":{"@id":"https:\/\/farmaciamiserachsbarcelona.com\/cosmetica\/#breadcrumb"},"inLanguage":"es","potentialAction":[{"@type":"ReadAction","target":["https:\/\/farmaciamiserachsbarcelona.com\/cosmetica\/"]}]},{"@type":"BreadcrumbList","@id":"https:\/\/farmaciamiserachsbarcelona.com\/cosmetica\/#breadcrumb","itemListElement":[{"@type":"ListItem","position":1,"name":"Portada","item":"https:\/\/farmaciamiserachsbarcelona.com\/es\/"},{"@type":"ListItem","position":2,"name":"Cosm\u00e9tica"}]},{"@type":"WebSite","@id":"https:\/\/farmaciamiserachsbarcelona.com\/#website","url":"https:\/\/farmaciamiserachsbarcelona.com\/","name":"Farmacia Miserachs","description":"Tu farmacia especializada en homeopat\u00eda y cosm\u00e9tica natural","publisher":{"@id":"https:\/\/farmaciamiserachsbarcelona.com\/#organization"},"potentialAction":[{"@type":"SearchAction","target":{"@type":"EntryPoint","urlTemplate":"https:\/\/farmaciamiserachsbarcelona.com\/?s={search_term_string}"},"query-input":"required name=search_term_string"}],"inLanguage":"es"},{"@type":"Organization","@id":"https:\/\/farmaciamiserachsbarcelona.com\/#organization","name":"Farmacia Miserachs","url":"https:\/\/farmaciamiserachsbarcelona.com\/","logo":{"@type":"ImageObject","inLanguage":"es","@id":"https:\/\/farmaciamiserachsbarcelona.com\/#\/schema\/logo\/image\/","url":"https:\/\/farmaciamiserachsbarcelona.com\/wp-content\/uploads\/2023\/05\/logo_farmacia_miserachs-1.png","contentUrl":"https:\/\/farmaciamiserachsbarcelona.com\/wp-content\/uploads\/2023\/05\/logo_farmacia_miserachs-1.png","width":424,"height":54,"caption":"Farmacia Miserachs"},"image":{"@id":"https:\/\/farmaciamiserachsbarcelona.com\/#\/schema\/logo\/image\/"}}]}},"_links":{"self":[{"href":"https:\/\/farmaciamiserachsbarcelona.com\/es\/wp-json\/wp\/v2\/pages\/28"}],"collection":[{"href":"https:\/\/farmaciamiserachsbarcelona.com\/es\/wp-json\/wp\/v2\/pages"}],"about":[{"href":"https:\/\/farmaciamiserachsbarcelona.com\/es\/wp-json\/wp\/v2\/types\/page"}],"author":[{"embeddable":true,"href":"https:\/\/farmaciamiserachsbarcelona.com\/es\/wp-json\/wp\/v2\/users\/1"}],"replies":[{"embeddable":true,"href":"https:\/\/farmaciamiserachsbarcelona.com\/es\/wp-json\/wp\/v2\/comments?post=28"}],"version-history":[{"count":44,"href":"https:\/\/farmaciamiserachsbarcelona.com\/es\/wp-json\/wp\/v2\/pages\/28\/revisions"}],"predecessor-version":[{"id":1391,"href":"https:\/\/farmaciamiserachsbarcelona.com\/es\/wp-json\/wp\/v2\/pages\/28\/revisions\/1391"}],"wp:attachment":[{"href":"https:\/\/farmaciamiserachsbarcelona.com\/es\/wp-json\/wp\/v2\/media?parent=28"}],"curies":[{"name":"wp","href":"https:\/\/api.w.org\/{rel}","templated":true}]}}