{"id":340,"date":"2023-06-05T18:42:32","date_gmt":"2023-06-05T18:42:32","guid":{"rendered":"https:\/\/farmaciamiserachsbarcelona.com\/?page_id=340"},"modified":"2023-08-18T13:59:07","modified_gmt":"2023-08-18T13:59:07","slug":"complementos-dieteticos","status":"publish","type":"page","link":"https:\/\/farmaciamiserachsbarcelona.com\/es\/complementos-dieteticos\/","title":{"rendered":"Complementos Nutricionales"},"content":{"rendered":"\t\t<div data-elementor-type=\"wp-page\" data-elementor-id=\"340\" class=\"elementor elementor-340\">\n\t\t\t\t\t\t\t\t\t<section class=\"elementor-section elementor-top-section elementor-element elementor-element-343b0e6 elementor-section-height-min-height elementor-hidden-tablet elementor-hidden-mobile elementor-section-boxed elementor-section-height-default elementor-section-items-middle\" data-id=\"343b0e6\" data-element_type=\"section\" data-settings=\"{&quot;background_background&quot;:&quot;classic&quot;}\">\n\t\t\t\t\t\t<div class=\"elementor-container elementor-column-gap-default\">\n\t\t\t\t\t<div class=\"elementor-column elementor-col-100 elementor-top-column elementor-element elementor-element-9ff5ab2\" data-id=\"9ff5ab2\" data-element_type=\"column\" data-settings=\"{&quot;background_background&quot;:&quot;classic&quot;}\">\n\t\t\t<div class=\"elementor-widget-wrap elementor-element-populated\">\n\t\t\t\t\t\t\t\t<div class=\"elementor-element elementor-element-a969fcd elementor-widget elementor-widget-spacer\" data-id=\"a969fcd\" data-element_type=\"widget\" data-widget_type=\"spacer.default\">\n\t\t\t\t<div class=\"elementor-widget-container\">\n\t\t\t<style>\/*! elementor - v3.13.3 - 22-05-2023 *\/\n.elementor-column .elementor-spacer-inner{height:var(--spacer-size)}.e-con{--container-widget-width:100%}.e-con-inner>.elementor-widget-spacer,.e-con>.elementor-widget-spacer{width:var(--container-widget-width,var(--spacer-size));--align-self:var(--container-widget-align-self,initial);--flex-shrink:0}.e-con-inner>.elementor-widget-spacer>.elementor-widget-container,.e-con-inner>.elementor-widget-spacer>.elementor-widget-container>.elementor-spacer,.e-con>.elementor-widget-spacer>.elementor-widget-container,.e-con>.elementor-widget-spacer>.elementor-widget-container>.elementor-spacer{height:100%}.e-con-inner>.elementor-widget-spacer>.elementor-widget-container>.elementor-spacer>.elementor-spacer-inner,.e-con>.elementor-widget-spacer>.elementor-widget-container>.elementor-spacer>.elementor-spacer-inner{height:var(--container-widget-height,var(--spacer-size))}<\/style>\t\t<div class=\"elementor-spacer\">\n\t\t\t<div class=\"elementor-spacer-inner\"><\/div>\n\t\t<\/div>\n\t\t\t\t<\/div>\n\t\t\t\t<\/div>\n\t\t\t\t<div class=\"elementor-element elementor-element-82cae65 elementor-widget elementor-widget-heading\" data-id=\"82cae65\" data-element_type=\"widget\" data-widget_type=\"heading.default\">\n\t\t\t\t<div class=\"elementor-widget-container\">\n\t\t\t<style>\/*! elementor - v3.13.3 - 22-05-2023 *\/\n.elementor-heading-title{padding:0;margin:0;line-height:1}.elementor-widget-heading .elementor-heading-title[class*=elementor-size-]>a{color:inherit;font-size:inherit;line-height:inherit}.elementor-widget-heading .elementor-heading-title.elementor-size-small{font-size:15px}.elementor-widget-heading .elementor-heading-title.elementor-size-medium{font-size:19px}.elementor-widget-heading .elementor-heading-title.elementor-size-large{font-size:29px}.elementor-widget-heading .elementor-heading-title.elementor-size-xl{font-size:39px}.elementor-widget-heading .elementor-heading-title.elementor-size-xxl{font-size:59px}<\/style><h2 class=\"elementor-heading-title elementor-size-default\">Complementos nutricionales<\/h2>\t\t<\/div>\n\t\t\t\t<\/div>\n\t\t\t\t<div class=\"elementor-element elementor-element-5fa6528 elementor-widget__width-initial elementor-widget elementor-widget-text-editor\" data-id=\"5fa6528\" data-element_type=\"widget\" data-widget_type=\"text-editor.default\">\n\t\t\t\t<div class=\"elementor-widget-container\">\n\t\t\t<style>\/*! elementor - v3.13.3 - 22-05-2023 *\/\n.elementor-widget-text-editor.elementor-drop-cap-view-stacked .elementor-drop-cap{background-color:#69727d;color:#fff}.elementor-widget-text-editor.elementor-drop-cap-view-framed .elementor-drop-cap{color:#69727d;border:3px solid;background-color:transparent}.elementor-widget-text-editor:not(.elementor-drop-cap-view-default) .elementor-drop-cap{margin-top:8px}.elementor-widget-text-editor:not(.elementor-drop-cap-view-default) .elementor-drop-cap-letter{width:1em;height:1em}.elementor-widget-text-editor .elementor-drop-cap{float:left;text-align:center;line-height:1;font-size:50px}.elementor-widget-text-editor .elementor-drop-cap-letter{display:inline-block}<\/style>\t\t\t\t<p>Ofrecemos una amplia gama de complementos nutricionales que pueden ayudarte a mantener una alimentaci\u00f3n equilibrada y promover tu bienestar general, complementando tu dieta y proporcionando nutrientes adicionales.\u00a0<\/p><p>Ofrecemos una variedad de complementos nutricionales para cubrir diversas necesidades, como vitaminas y minerales, \u00e1cidos grasos esenciales, probi\u00f3ticos, antioxidantes, suplementos para el sistema inmunol\u00f3gico, entre otros. Estos, pueden ser \u00fatiles en situaciones espec\u00edficas, como per\u00edodos de estr\u00e9s, debilidad, cambios en la alimentaci\u00f3n, embarazo o lactancia, o simplemente para promover un estilo de vida saludable.<\/p><p>Es importante destacar que los complementos nutricionales no deben sustituir una dieta equilibrada y variada, sino que son una ayuda para complementarla. Siempre recomendamos consultar con un profesional de la salud antes de comenzar cualquier suplemento.<\/p>\t\t\t\t\t\t<\/div>\n\t\t\t\t<\/div>\n\t\t\t\t\t<\/div>\n\t\t<\/div>\n\t\t\t\t\t\t\t<\/div>\n\t\t<\/section>\n\t\t\t\t<section class=\"elementor-section elementor-top-section elementor-element elementor-element-027e8d8 elementor-hidden-desktop elementor-section-boxed elementor-section-height-default elementor-section-height-default\" data-id=\"027e8d8\" data-element_type=\"section\">\n\t\t\t\t\t\t<div class=\"elementor-container elementor-column-gap-default\">\n\t\t\t\t\t<div class=\"elementor-column elementor-col-100 elementor-top-column elementor-element elementor-element-04a6a5d\" data-id=\"04a6a5d\" data-element_type=\"column\">\n\t\t\t<div class=\"elementor-widget-wrap elementor-element-populated\">\n\t\t\t\t\t\t\t\t<div class=\"elementor-element elementor-element-1822a7e elementor-widget elementor-widget-heading\" data-id=\"1822a7e\" data-element_type=\"widget\" data-widget_type=\"heading.default\">\n\t\t\t\t<div class=\"elementor-widget-container\">\n\t\t\t<h2 class=\"elementor-heading-title elementor-size-default\">Complementos nutricionales<\/h2>\t\t<\/div>\n\t\t\t\t<\/div>\n\t\t\t\t<div class=\"elementor-element elementor-element-63dc2b1 elementor-widget elementor-widget-image\" data-id=\"63dc2b1\" data-element_type=\"widget\" data-widget_type=\"image.default\">\n\t\t\t\t<div class=\"elementor-widget-container\">\n\t\t\t<style>\/*! elementor - v3.13.3 - 22-05-2023 *\/\n.elementor-widget-image{text-align:center}.elementor-widget-image a{display:inline-block}.elementor-widget-image a img[src$=\".svg\"]{width:48px}.elementor-widget-image img{vertical-align:middle;display:inline-block}<\/style>\t\t\t\t\t\t\t\t\t\t\t\t<img decoding=\"async\" loading=\"lazy\" width=\"750\" height=\"500\" src=\"https:\/\/farmaciamiserachsbarcelona.com\/wp-content\/uploads\/2023\/06\/complementos_dieteticos.jpg\" class=\"attachment-large size-large wp-image-347\" alt=\"complementos_dieteticos\" srcset=\"https:\/\/farmaciamiserachsbarcelona.com\/wp-content\/uploads\/2023\/06\/complementos_dieteticos.jpg 750w, https:\/\/farmaciamiserachsbarcelona.com\/wp-content\/uploads\/2023\/06\/complementos_dieteticos-300x200.jpg 300w\" sizes=\"(max-width: 750px) 100vw, 750px\" \/>\t\t\t\t\t\t\t\t\t\t\t\t\t\t\t<\/div>\n\t\t\t\t<\/div>\n\t\t\t\t<div class=\"elementor-element elementor-element-2ccac42 elementor-widget elementor-widget-text-editor\" data-id=\"2ccac42\" data-element_type=\"widget\" data-widget_type=\"text-editor.default\">\n\t\t\t\t<div class=\"elementor-widget-container\">\n\t\t\t\t\t\t\t<p>Ofrecemos una amplia gama de complementos nutricionales que pueden ayudarte a mantener una alimentaci\u00f3n equilibrada y promover tu bienestar general, complementando tu dieta y proporcionando nutrientes adicionales.\u00a0<\/p><p>Ofrecemos una variedad de complementos nutricionales para cubrir diversas necesidades, como vitaminas y minerales, \u00e1cidos grasos esenciales, probi\u00f3ticos, antioxidantes, suplementos para el sistema inmunol\u00f3gico, entre otros. Estos, pueden ser \u00fatiles en situaciones espec\u00edficas, como per\u00edodos de estr\u00e9s, debilidad, cambios en la alimentaci\u00f3n, embarazo o lactancia, o simplemente para promover un estilo de vida saludable.<\/p><p>Es importante destacar que los complementos nutricionales no deben sustituir una dieta equilibrada y variada, sino que son una ayuda para complementarla. Siempre recomendamos consultar con un profesional de la salud antes de comenzar cualquier suplemento.<\/p>\t\t\t\t\t\t<\/div>\n\t\t\t\t<\/div>\n\t\t\t\t\t<\/div>\n\t\t<\/div>\n\t\t\t\t\t\t\t<\/div>\n\t\t<\/section>\n\t\t\t\t<section class=\"elementor-section elementor-top-section elementor-element elementor-element-4ccecbf elementor-section-boxed elementor-section-height-default elementor-section-height-default\" data-id=\"4ccecbf\" data-element_type=\"section\">\n\t\t\t\t\t\t<div class=\"elementor-container elementor-column-gap-default\">\n\t\t\t\t\t<div class=\"elementor-column elementor-col-100 elementor-top-column elementor-element elementor-element-b933b28\" data-id=\"b933b28\" data-element_type=\"column\">\n\t\t\t<div class=\"elementor-widget-wrap elementor-element-populated\">\n\t\t\t\t\t\t\t\t<div class=\"elementor-element elementor-element-feb39f7 elementor-widget elementor-widget-spacer\" data-id=\"feb39f7\" data-element_type=\"widget\" data-widget_type=\"spacer.default\">\n\t\t\t\t<div class=\"elementor-widget-container\">\n\t\t\t\t\t<div class=\"elementor-spacer\">\n\t\t\t<div class=\"elementor-spacer-inner\"><\/div>\n\t\t<\/div>\n\t\t\t\t<\/div>\n\t\t\t\t<\/div>\n\t\t\t\t\t<\/div>\n\t\t<\/div>\n\t\t\t\t\t\t\t<\/div>\n\t\t<\/section>\n\t\t\t\t\t\t\t<\/div>\n\t\t","protected":false},"excerpt":{"rendered":"<p>Complementos nutricionales Ofrecemos una amplia gama de complementos nutricionales que pueden ayudarte a mantener una alimentaci\u00f3n equilibrada y promover tu bienestar general, complementando tu dieta y proporcionando nutrientes adicionales.&nbsp; Ofrecemos una variedad de complementos nutricionales para cubrir diversas necesidades, como vitaminas y minerales, \u00e1cidos grasos esenciales, probi\u00f3ticos, antioxidantes, suplementos para el sistema inmunol\u00f3gico, entre otros. [&hellip;]<\/p>\n","protected":false},"author":1,"featured_media":0,"parent":0,"menu_order":0,"comment_status":"closed","ping_status":"closed","template":"","meta":{"_monsterinsights_skip_tracking":false,"_monsterinsights_sitenote_active":false,"_monsterinsights_sitenote_note":"","_monsterinsights_sitenote_category":0,"footnotes":""},"yoast_head":"<!-- This site is optimized with the Yoast SEO Premium plugin v20.11 (Yoast SEO v20.11) - https:\/\/yoast.com\/wordpress\/plugins\/seo\/ -->\n<title>Complementos Nutricionales Barcelona. Farmacia Miserachs<\/title>\n<meta name=\"description\" content=\"Amplia gama de complementos nutricionales que promueven tu bienestar general, complementando tu dieta y proporcionando nutrientes adicionales.\" \/>\n<meta name=\"robots\" content=\"index, follow, max-snippet:-1, max-image-preview:large, max-video-preview:-1\" \/>\n<link rel=\"canonical\" href=\"https:\/\/farmaciamiserachsbarcelona.com\/complementos-dieteticos\/\" \/>\n<meta property=\"og:locale\" content=\"es_ES\" \/>\n<meta property=\"og:type\" content=\"article\" \/>\n<meta property=\"og:title\" content=\"Complementos Nutricionales\" \/>\n<meta property=\"og:description\" content=\"Amplia gama de complementos nutricionales que promueven tu bienestar general, complementando tu dieta y proporcionando nutrientes adicionales.\" \/>\n<meta property=\"og:url\" content=\"https:\/\/farmaciamiserachsbarcelona.com\/complementos-dieteticos\/\" \/>\n<meta property=\"og:site_name\" content=\"Farmacia Miserachs\" \/>\n<meta property=\"article:modified_time\" content=\"2023-08-18T13:59:07+00:00\" \/>\n<meta property=\"og:image\" content=\"https:\/\/farmaciamiserachsbarcelona.com\/wp-content\/uploads\/2023\/06\/complementos_dieteticos.jpg\" \/>\n<meta name=\"twitter:card\" content=\"summary_large_image\" \/>\n<meta name=\"twitter:label1\" content=\"Tiempo de lectura\" \/>\n\t<meta name=\"twitter:data1\" content=\"2 minutos\" \/>\n<script type=\"application\/ld+json\" class=\"yoast-schema-graph\">{\"@context\":\"https:\/\/schema.org\",\"@graph\":[{\"@type\":\"WebPage\",\"@id\":\"https:\/\/farmaciamiserachsbarcelona.com\/complementos-dieteticos\/\",\"url\":\"https:\/\/farmaciamiserachsbarcelona.com\/complementos-dieteticos\/\",\"name\":\"Complementos Nutricionales Barcelona. Farmacia Miserachs\",\"isPartOf\":{\"@id\":\"https:\/\/farmaciamiserachsbarcelona.com\/#website\"},\"datePublished\":\"2023-06-05T18:42:32+00:00\",\"dateModified\":\"2023-08-18T13:59:07+00:00\",\"description\":\"Amplia gama de complementos nutricionales que promueven tu bienestar general, complementando tu dieta y proporcionando nutrientes adicionales.\",\"breadcrumb\":{\"@id\":\"https:\/\/farmaciamiserachsbarcelona.com\/complementos-dieteticos\/#breadcrumb\"},\"inLanguage\":\"es\",\"potentialAction\":[{\"@type\":\"ReadAction\",\"target\":[\"https:\/\/farmaciamiserachsbarcelona.com\/complementos-dieteticos\/\"]}]},{\"@type\":\"BreadcrumbList\",\"@id\":\"https:\/\/farmaciamiserachsbarcelona.com\/complementos-dieteticos\/#breadcrumb\",\"itemListElement\":[{\"@type\":\"ListItem\",\"position\":1,\"name\":\"Portada\",\"item\":\"https:\/\/farmaciamiserachsbarcelona.com\/es\/\"},{\"@type\":\"ListItem\",\"position\":2,\"name\":\"Complementos Nutricionales\"}]},{\"@type\":\"WebSite\",\"@id\":\"https:\/\/farmaciamiserachsbarcelona.com\/#website\",\"url\":\"https:\/\/farmaciamiserachsbarcelona.com\/\",\"name\":\"Farmacia Miserachs\",\"description\":\"Tu farmacia especializada en homeopat\u00eda y cosm\u00e9tica natural\",\"publisher\":{\"@id\":\"https:\/\/farmaciamiserachsbarcelona.com\/#organization\"},\"potentialAction\":[{\"@type\":\"SearchAction\",\"target\":{\"@type\":\"EntryPoint\",\"urlTemplate\":\"https:\/\/farmaciamiserachsbarcelona.com\/?s={search_term_string}\"},\"query-input\":\"required name=search_term_string\"}],\"inLanguage\":\"es\"},{\"@type\":\"Organization\",\"@id\":\"https:\/\/farmaciamiserachsbarcelona.com\/#organization\",\"name\":\"Farmacia Miserachs\",\"url\":\"https:\/\/farmaciamiserachsbarcelona.com\/\",\"logo\":{\"@type\":\"ImageObject\",\"inLanguage\":\"es\",\"@id\":\"https:\/\/farmaciamiserachsbarcelona.com\/#\/schema\/logo\/image\/\",\"url\":\"https:\/\/farmaciamiserachsbarcelona.com\/wp-content\/uploads\/2023\/05\/logo_farmacia_miserachs-1.png\",\"contentUrl\":\"https:\/\/farmaciamiserachsbarcelona.com\/wp-content\/uploads\/2023\/05\/logo_farmacia_miserachs-1.png\",\"width\":424,\"height\":54,\"caption\":\"Farmacia Miserachs\"},\"image\":{\"@id\":\"https:\/\/farmaciamiserachsbarcelona.com\/#\/schema\/logo\/image\/\"}}]}<\/script>\n<!-- \/ Yoast SEO Premium plugin. -->","yoast_head_json":{"title":"Complementos Nutricionales Barcelona. Farmacia Miserachs","description":"Amplia gama de complementos nutricionales que promueven tu bienestar general, complementando tu dieta y proporcionando nutrientes adicionales.","robots":{"index":"index","follow":"follow","max-snippet":"max-snippet:-1","max-image-preview":"max-image-preview:large","max-video-preview":"max-video-preview:-1"},"canonical":"https:\/\/farmaciamiserachsbarcelona.com\/complementos-dieteticos\/","og_locale":"es_ES","og_type":"article","og_title":"Complementos Nutricionales","og_description":"Amplia gama de complementos nutricionales que promueven tu bienestar general, complementando tu dieta y proporcionando nutrientes adicionales.","og_url":"https:\/\/farmaciamiserachsbarcelona.com\/complementos-dieteticos\/","og_site_name":"Farmacia Miserachs","article_modified_time":"2023-08-18T13:59:07+00:00","og_image":[{"url":"https:\/\/farmaciamiserachsbarcelona.com\/wp-content\/uploads\/2023\/06\/complementos_dieteticos.jpg"}],"twitter_card":"summary_large_image","twitter_misc":{"Tiempo de lectura":"2 minutos"},"schema":{"@context":"https:\/\/schema.org","@graph":[{"@type":"WebPage","@id":"https:\/\/farmaciamiserachsbarcelona.com\/complementos-dieteticos\/","url":"https:\/\/farmaciamiserachsbarcelona.com\/complementos-dieteticos\/","name":"Complementos Nutricionales Barcelona. Farmacia Miserachs","isPartOf":{"@id":"https:\/\/farmaciamiserachsbarcelona.com\/#website"},"datePublished":"2023-06-05T18:42:32+00:00","dateModified":"2023-08-18T13:59:07+00:00","description":"Amplia gama de complementos nutricionales que promueven tu bienestar general, complementando tu dieta y proporcionando nutrientes adicionales.","breadcrumb":{"@id":"https:\/\/farmaciamiserachsbarcelona.com\/complementos-dieteticos\/#breadcrumb"},"inLanguage":"es","potentialAction":[{"@type":"ReadAction","target":["https:\/\/farmaciamiserachsbarcelona.com\/complementos-dieteticos\/"]}]},{"@type":"BreadcrumbList","@id":"https:\/\/farmaciamiserachsbarcelona.com\/complementos-dieteticos\/#breadcrumb","itemListElement":[{"@type":"ListItem","position":1,"name":"Portada","item":"https:\/\/farmaciamiserachsbarcelona.com\/es\/"},{"@type":"ListItem","position":2,"name":"Complementos Nutricionales"}]},{"@type":"WebSite","@id":"https:\/\/farmaciamiserachsbarcelona.com\/#website","url":"https:\/\/farmaciamiserachsbarcelona.com\/","name":"Farmacia Miserachs","description":"Tu farmacia especializada en homeopat\u00eda y cosm\u00e9tica natural","publisher":{"@id":"https:\/\/farmaciamiserachsbarcelona.com\/#organization"},"potentialAction":[{"@type":"SearchAction","target":{"@type":"EntryPoint","urlTemplate":"https:\/\/farmaciamiserachsbarcelona.com\/?s={search_term_string}"},"query-input":"required name=search_term_string"}],"inLanguage":"es"},{"@type":"Organization","@id":"https:\/\/farmaciamiserachsbarcelona.com\/#organization","name":"Farmacia Miserachs","url":"https:\/\/farmaciamiserachsbarcelona.com\/","logo":{"@type":"ImageObject","inLanguage":"es","@id":"https:\/\/farmaciamiserachsbarcelona.com\/#\/schema\/logo\/image\/","url":"https:\/\/farmaciamiserachsbarcelona.com\/wp-content\/uploads\/2023\/05\/logo_farmacia_miserachs-1.png","contentUrl":"https:\/\/farmaciamiserachsbarcelona.com\/wp-content\/uploads\/2023\/05\/logo_farmacia_miserachs-1.png","width":424,"height":54,"caption":"Farmacia Miserachs"},"image":{"@id":"https:\/\/farmaciamiserachsbarcelona.com\/#\/schema\/logo\/image\/"}}]}},"_links":{"self":[{"href":"https:\/\/farmaciamiserachsbarcelona.com\/es\/wp-json\/wp\/v2\/pages\/340"}],"collection":[{"href":"https:\/\/farmaciamiserachsbarcelona.com\/es\/wp-json\/wp\/v2\/pages"}],"about":[{"href":"https:\/\/farmaciamiserachsbarcelona.com\/es\/wp-json\/wp\/v2\/types\/page"}],"author":[{"embeddable":true,"href":"https:\/\/farmaciamiserachsbarcelona.com\/es\/wp-json\/wp\/v2\/users\/1"}],"replies":[{"embeddable":true,"href":"https:\/\/farmaciamiserachsbarcelona.com\/es\/wp-json\/wp\/v2\/comments?post=340"}],"version-history":[{"count":39,"href":"https:\/\/farmaciamiserachsbarcelona.com\/es\/wp-json\/wp\/v2\/pages\/340\/revisions"}],"predecessor-version":[{"id":1243,"href":"https:\/\/farmaciamiserachsbarcelona.com\/es\/wp-json\/wp\/v2\/pages\/340\/revisions\/1243"}],"wp:attachment":[{"href":"https:\/\/farmaciamiserachsbarcelona.com\/es\/wp-json\/wp\/v2\/media?parent=340"}],"curies":[{"name":"wp","href":"https:\/\/api.w.org\/{rel}","templated":true}]}}