{"id":405,"date":"2023-06-05T21:42:20","date_gmt":"2023-06-05T21:42:20","guid":{"rendered":"https:\/\/farmaciamiserachsbarcelona.com\/?page_id=405"},"modified":"2023-10-26T11:20:35","modified_gmt":"2023-10-26T11:20:35","slug":"politica-de-privacidad","status":"publish","type":"page","link":"https:\/\/farmaciamiserachsbarcelona.com\/es\/politica-de-privacidad\/","title":{"rendered":"Pol\u00edtica de privacidad"},"content":{"rendered":"\t\t<div data-elementor-type=\"wp-page\" data-elementor-id=\"405\" class=\"elementor elementor-405\">\n\t\t\t\t\t\t\t\t\t<section class=\"elementor-section elementor-top-section elementor-element elementor-element-28f1b3d elementor-section-boxed elementor-section-height-default elementor-section-height-default\" data-id=\"28f1b3d\" data-element_type=\"section\">\n\t\t\t\t\t\t<div class=\"elementor-container elementor-column-gap-default\">\n\t\t\t\t\t<div class=\"elementor-column elementor-col-100 elementor-top-column elementor-element elementor-element-20343fc\" data-id=\"20343fc\" data-element_type=\"column\">\n\t\t\t<div class=\"elementor-widget-wrap elementor-element-populated\">\n\t\t\t\t\t\t\t\t<div class=\"elementor-element elementor-element-b9d3e76 elementor-widget elementor-widget-spacer\" data-id=\"b9d3e76\" data-element_type=\"widget\" data-widget_type=\"spacer.default\">\n\t\t\t\t<div class=\"elementor-widget-container\">\n\t\t\t<style>\/*! elementor - v3.13.3 - 22-05-2023 *\/\n.elementor-column .elementor-spacer-inner{height:var(--spacer-size)}.e-con{--container-widget-width:100%}.e-con-inner>.elementor-widget-spacer,.e-con>.elementor-widget-spacer{width:var(--container-widget-width,var(--spacer-size));--align-self:var(--container-widget-align-self,initial);--flex-shrink:0}.e-con-inner>.elementor-widget-spacer>.elementor-widget-container,.e-con-inner>.elementor-widget-spacer>.elementor-widget-container>.elementor-spacer,.e-con>.elementor-widget-spacer>.elementor-widget-container,.e-con>.elementor-widget-spacer>.elementor-widget-container>.elementor-spacer{height:100%}.e-con-inner>.elementor-widget-spacer>.elementor-widget-container>.elementor-spacer>.elementor-spacer-inner,.e-con>.elementor-widget-spacer>.elementor-widget-container>.elementor-spacer>.elementor-spacer-inner{height:var(--container-widget-height,var(--spacer-size))}<\/style>\t\t<div class=\"elementor-spacer\">\n\t\t\t<div class=\"elementor-spacer-inner\"><\/div>\n\t\t<\/div>\n\t\t\t\t<\/div>\n\t\t\t\t<\/div>\n\t\t\t\t\t<\/div>\n\t\t<\/div>\n\t\t\t\t\t\t\t<\/div>\n\t\t<\/section>\n\t\t\t\t<section class=\"elementor-section elementor-top-section elementor-element elementor-element-dcdcf0a elementor-section-boxed elementor-section-height-default elementor-section-height-default\" data-id=\"dcdcf0a\" data-element_type=\"section\">\n\t\t\t\t\t\t<div class=\"elementor-container elementor-column-gap-default\">\n\t\t\t\t\t<div class=\"elementor-column elementor-col-100 elementor-top-column elementor-element elementor-element-54ff956\" data-id=\"54ff956\" data-element_type=\"column\">\n\t\t\t<div class=\"elementor-widget-wrap elementor-element-populated\">\n\t\t\t\t\t\t\t\t<div class=\"elementor-element elementor-element-df9508a elementor-widget elementor-widget-heading\" data-id=\"df9508a\" data-element_type=\"widget\" data-widget_type=\"heading.default\">\n\t\t\t\t<div class=\"elementor-widget-container\">\n\t\t\t<style>\/*! elementor - v3.13.3 - 22-05-2023 *\/\n.elementor-heading-title{padding:0;margin:0;line-height:1}.elementor-widget-heading .elementor-heading-title[class*=elementor-size-]>a{color:inherit;font-size:inherit;line-height:inherit}.elementor-widget-heading .elementor-heading-title.elementor-size-small{font-size:15px}.elementor-widget-heading .elementor-heading-title.elementor-size-medium{font-size:19px}.elementor-widget-heading .elementor-heading-title.elementor-size-large{font-size:29px}.elementor-widget-heading .elementor-heading-title.elementor-size-xl{font-size:39px}.elementor-widget-heading .elementor-heading-title.elementor-size-xxl{font-size:59px}<\/style><h2 class=\"elementor-heading-title elementor-size-default\">Pol\u00edtica de privacidad<\/h2>\t\t<\/div>\n\t\t\t\t<\/div>\n\t\t\t\t\t<\/div>\n\t\t<\/div>\n\t\t\t\t\t\t\t<\/div>\n\t\t<\/section>\n\t\t\t\t<section class=\"elementor-section elementor-top-section elementor-element elementor-element-6a5ddb2 elementor-section-boxed elementor-section-height-default elementor-section-height-default\" data-id=\"6a5ddb2\" data-element_type=\"section\">\n\t\t\t\t\t\t<div class=\"elementor-container elementor-column-gap-default\">\n\t\t\t\t\t<div class=\"elementor-column elementor-col-100 elementor-top-column elementor-element elementor-element-d20e38f\" data-id=\"d20e38f\" data-element_type=\"column\">\n\t\t\t<div class=\"elementor-widget-wrap elementor-element-populated\">\n\t\t\t\t\t\t\t\t<div class=\"elementor-element elementor-element-b4fcde1 elementor-widget elementor-widget-text-editor\" data-id=\"b4fcde1\" data-element_type=\"widget\" data-widget_type=\"text-editor.default\">\n\t\t\t\t<div class=\"elementor-widget-container\">\n\t\t\t<style>\/*! elementor - v3.13.3 - 22-05-2023 *\/\n.elementor-widget-text-editor.elementor-drop-cap-view-stacked .elementor-drop-cap{background-color:#69727d;color:#fff}.elementor-widget-text-editor.elementor-drop-cap-view-framed .elementor-drop-cap{color:#69727d;border:3px solid;background-color:transparent}.elementor-widget-text-editor:not(.elementor-drop-cap-view-default) .elementor-drop-cap{margin-top:8px}.elementor-widget-text-editor:not(.elementor-drop-cap-view-default) .elementor-drop-cap-letter{width:1em;height:1em}.elementor-widget-text-editor .elementor-drop-cap{float:left;text-align:center;line-height:1;font-size:50px}.elementor-widget-text-editor .elementor-drop-cap-letter{display:inline-block}<\/style>\t\t\t\t<p>Conforme a lo dispuesto en el Reglamento General de Protecci\u00f3n de Datos (Reglamento UE 2016\/679) se informa al usuario de que los datos personales facilitados a trav\u00e9s de la p\u00e1gina web est\u00e1n siendo tratados bajo la responsabilidad de la Sra. MARTA MISERACHS LALANDE, con NIF: 37640657-F, titular de la oficina de farmacia n\u00famero 0521, situada en c\/ Roger de Ll\u00faria, 51, 08009, Barcelona.<\/p><p><strong>Finalidades del tratamiento:<\/strong><\/p><p>Tramitar encargos, solicitudes o cualquier tipo de petici\u00f3n que sea realizada por el usuario a trav\u00e9s de cualquiera de las formas de contacto que se ponen a su disposici\u00f3n, gestionar la posible relaci\u00f3n comercial.<\/p><p>Remitir al usuario informaci\u00f3n que puedan ser de su inter\u00e9s a trav\u00e9s de la direcci\u00f3n proporcionada sin que en ning\u00fan caso los datos relativos a su salud puedan ser objeto de tratamiento para finalidades comerciales o publicitarias.<\/p><p>Mejorar su experiencia al navegar por la web.<\/p><p>Para finalidades comerciales o publicitarias con su previo consentimiento expreso.<\/p><p><strong>L<\/strong><strong>egitimaci\u00f3n del tratamiento:<\/strong><\/p><p>La base de legitimaci\u00f3n del tratamiento de los datos es el consentimiento que otorga el usuario y la gesti\u00f3n de la posible relaci\u00f3n contractual.<\/p><p><strong>Conservaci\u00f3n de los datos:<\/strong><\/p><p>Los datos ser\u00e1n conservados mientras dure la finalidad para la que son tratados. Ser\u00e1n cancelados en el momento en que nos retire el consentimiento, momento a partir del cual se conservar\u00e1n durante el plazo de 3 a\u00f1os para responder de posibles reclamaciones y\/o en el momento en que solicite la supresi\u00f3n, despu\u00e9s de oponerse al tratamiento, ser\u00e1n destruidos.<\/p><p><strong>Cesi\u00f3n:<\/strong><br \/>Los datos s\u00f3lo ser\u00e1n cedidos a terceros en los supuestos previstos por la legislaci\u00f3n vigente.<\/p><p><strong>Car\u00e1cter obligatorio o facultativo de la informaci\u00f3n facilitada por el usuario:<\/strong><\/p><p>Los Usuarios, mediante la marcaci\u00f3n de las casillas correspondientes y entrada de datos en los campos, marcados con un asterisco (*) en el formulario de contacto o presentados en formularios de descarga, aceptan expresamente y de forma libre e inequ\u00edvoca, que sus datos son necesarios para atender su petici\u00f3n, por parte del prestador, siendo voluntaria la inclusi\u00f3n de datos en los campos restantes. El Usuario garantiza que los datos personales facilitados al RESPONSABLE son veraces y se hace responsable de comunicar cualquier modificaci\u00f3n de los mismos.<\/p><p><strong>Derechos del usuario:<\/strong> <br \/>Puede ejercer los derechos de acceso, rectificaci\u00f3n, supresi\u00f3n, portabilidad y la limitaci\u00f3n u oposici\u00f3n a su tratamiento, ante la Sra. MARTA MISERACHS LALANDE a la direcci\u00f3n arriba indicada o escribiendo a email a <a href=\"mailto:info@farmaciamiserachsbarcelona.com\">info@farmaciamiserachsbarcelona.com<\/a><\/p><p>Puede presentar una reclamaci\u00f3n ante la Agencia espa\u00f1ola de Protecci\u00f3n de Datos.<\/p>\t\t\t\t\t\t<\/div>\n\t\t\t\t<\/div>\n\t\t\t\t\t<\/div>\n\t\t<\/div>\n\t\t\t\t\t\t\t<\/div>\n\t\t<\/section>\n\t\t\t\t<section class=\"elementor-section elementor-top-section elementor-element elementor-element-a43b88b elementor-section-boxed elementor-section-height-default elementor-section-height-default\" data-id=\"a43b88b\" data-element_type=\"section\">\n\t\t\t\t\t\t<div class=\"elementor-container elementor-column-gap-default\">\n\t\t\t\t\t<div class=\"elementor-column elementor-col-100 elementor-top-column elementor-element elementor-element-432135a\" data-id=\"432135a\" data-element_type=\"column\">\n\t\t\t<div class=\"elementor-widget-wrap elementor-element-populated\">\n\t\t\t\t\t\t\t\t<div class=\"elementor-element elementor-element-36f43c8 elementor-widget elementor-widget-spacer\" data-id=\"36f43c8\" data-element_type=\"widget\" data-widget_type=\"spacer.default\">\n\t\t\t\t<div class=\"elementor-widget-container\">\n\t\t\t\t\t<div class=\"elementor-spacer\">\n\t\t\t<div class=\"elementor-spacer-inner\"><\/div>\n\t\t<\/div>\n\t\t\t\t<\/div>\n\t\t\t\t<\/div>\n\t\t\t\t\t<\/div>\n\t\t<\/div>\n\t\t\t\t\t\t\t<\/div>\n\t\t<\/section>\n\t\t\t\t\t\t\t<\/div>\n\t\t","protected":false},"excerpt":{"rendered":"<p>Pol\u00edtica de privacidad Conforme a lo dispuesto en el Reglamento General de Protecci\u00f3n de Datos (Reglamento UE 2016\/679) se informa al usuario de que los datos personales facilitados a trav\u00e9s de la p\u00e1gina web est\u00e1n siendo tratados bajo la responsabilidad de la Sra. MARTA MISERACHS LALANDE, con NIF: 37640657-F, titular de la oficina de farmacia [&hellip;]<\/p>\n","protected":false},"author":1,"featured_media":0,"parent":0,"menu_order":0,"comment_status":"closed","ping_status":"closed","template":"","meta":{"_monsterinsights_skip_tracking":false,"_monsterinsights_sitenote_active":false,"_monsterinsights_sitenote_note":"","_monsterinsights_sitenote_category":0,"footnotes":""},"yoast_head":"<!-- This site is optimized with the Yoast SEO Premium plugin v20.11 (Yoast SEO v20.11) - https:\/\/yoast.com\/wordpress\/plugins\/seo\/ -->\n<title>Pol\u00edtica de privacidad - Farmacia Miserachs<\/title>\n<meta name=\"robots\" content=\"noindex, nofollow\" \/>\n<meta property=\"og:locale\" content=\"es_ES\" \/>\n<meta property=\"og:type\" content=\"article\" \/>\n<meta property=\"og:title\" content=\"Pol\u00edtica de privacidad\" \/>\n<meta property=\"og:description\" content=\"Pol\u00edtica de privacidad Conforme a lo dispuesto en el Reglamento General de Protecci\u00f3n de Datos (Reglamento UE 2016\/679) se informa al usuario de que los datos personales facilitados a trav\u00e9s de la p\u00e1gina web est\u00e1n siendo tratados bajo la responsabilidad de la Sra. MARTA MISERACHS LALANDE, con NIF: 37640657-F, titular de la oficina de farmacia [&hellip;]\" \/>\n<meta property=\"og:url\" content=\"https:\/\/farmaciamiserachsbarcelona.com\/politica-de-privacidad\/\" \/>\n<meta property=\"og:site_name\" content=\"Farmacia Miserachs\" \/>\n<meta property=\"article:modified_time\" content=\"2023-10-26T11:20:35+00:00\" \/>\n<meta name=\"twitter:card\" content=\"summary_large_image\" \/>\n<meta name=\"twitter:label1\" content=\"Tiempo de lectura\" \/>\n\t<meta name=\"twitter:data1\" content=\"2 minutos\" \/>\n<script type=\"application\/ld+json\" class=\"yoast-schema-graph\">{\"@context\":\"https:\/\/schema.org\",\"@graph\":[{\"@type\":\"WebPage\",\"@id\":\"https:\/\/farmaciamiserachsbarcelona.com\/politica-de-privacidad\/\",\"url\":\"https:\/\/farmaciamiserachsbarcelona.com\/politica-de-privacidad\/\",\"name\":\"Pol\u00edtica de privacidad - Farmacia Miserachs\",\"isPartOf\":{\"@id\":\"https:\/\/farmaciamiserachsbarcelona.com\/#website\"},\"datePublished\":\"2023-06-05T21:42:20+00:00\",\"dateModified\":\"2023-10-26T11:20:35+00:00\",\"breadcrumb\":{\"@id\":\"https:\/\/farmaciamiserachsbarcelona.com\/politica-de-privacidad\/#breadcrumb\"},\"inLanguage\":\"es\",\"potentialAction\":[{\"@type\":\"ReadAction\",\"target\":[\"https:\/\/farmaciamiserachsbarcelona.com\/politica-de-privacidad\/\"]}]},{\"@type\":\"BreadcrumbList\",\"@id\":\"https:\/\/farmaciamiserachsbarcelona.com\/politica-de-privacidad\/#breadcrumb\",\"itemListElement\":[{\"@type\":\"ListItem\",\"position\":1,\"name\":\"Portada\",\"item\":\"https:\/\/farmaciamiserachsbarcelona.com\/es\/\"},{\"@type\":\"ListItem\",\"position\":2,\"name\":\"Pol\u00edtica de privacidad\"}]},{\"@type\":\"WebSite\",\"@id\":\"https:\/\/farmaciamiserachsbarcelona.com\/#website\",\"url\":\"https:\/\/farmaciamiserachsbarcelona.com\/\",\"name\":\"Farmacia Miserachs\",\"description\":\"Tu farmacia especializada en homeopat\u00eda y cosm\u00e9tica natural\",\"publisher\":{\"@id\":\"https:\/\/farmaciamiserachsbarcelona.com\/#organization\"},\"potentialAction\":[{\"@type\":\"SearchAction\",\"target\":{\"@type\":\"EntryPoint\",\"urlTemplate\":\"https:\/\/farmaciamiserachsbarcelona.com\/?s={search_term_string}\"},\"query-input\":\"required name=search_term_string\"}],\"inLanguage\":\"es\"},{\"@type\":\"Organization\",\"@id\":\"https:\/\/farmaciamiserachsbarcelona.com\/#organization\",\"name\":\"Farmacia Miserachs\",\"url\":\"https:\/\/farmaciamiserachsbarcelona.com\/\",\"logo\":{\"@type\":\"ImageObject\",\"inLanguage\":\"es\",\"@id\":\"https:\/\/farmaciamiserachsbarcelona.com\/#\/schema\/logo\/image\/\",\"url\":\"https:\/\/farmaciamiserachsbarcelona.com\/wp-content\/uploads\/2023\/05\/logo_farmacia_miserachs-1.png\",\"contentUrl\":\"https:\/\/farmaciamiserachsbarcelona.com\/wp-content\/uploads\/2023\/05\/logo_farmacia_miserachs-1.png\",\"width\":424,\"height\":54,\"caption\":\"Farmacia Miserachs\"},\"image\":{\"@id\":\"https:\/\/farmaciamiserachsbarcelona.com\/#\/schema\/logo\/image\/\"}}]}<\/script>\n<!-- \/ Yoast SEO Premium plugin. -->","yoast_head_json":{"title":"Pol\u00edtica de privacidad - Farmacia Miserachs","robots":{"index":"noindex","follow":"nofollow"},"og_locale":"es_ES","og_type":"article","og_title":"Pol\u00edtica de privacidad","og_description":"Pol\u00edtica de privacidad Conforme a lo dispuesto en el Reglamento General de Protecci\u00f3n de Datos (Reglamento UE 2016\/679) se informa al usuario de que los datos personales facilitados a trav\u00e9s de la p\u00e1gina web est\u00e1n siendo tratados bajo la responsabilidad de la Sra. MARTA MISERACHS LALANDE, con NIF: 37640657-F, titular de la oficina de farmacia [&hellip;]","og_url":"https:\/\/farmaciamiserachsbarcelona.com\/politica-de-privacidad\/","og_site_name":"Farmacia Miserachs","article_modified_time":"2023-10-26T11:20:35+00:00","twitter_card":"summary_large_image","twitter_misc":{"Tiempo de lectura":"2 minutos"},"schema":{"@context":"https:\/\/schema.org","@graph":[{"@type":"WebPage","@id":"https:\/\/farmaciamiserachsbarcelona.com\/politica-de-privacidad\/","url":"https:\/\/farmaciamiserachsbarcelona.com\/politica-de-privacidad\/","name":"Pol\u00edtica de privacidad - Farmacia Miserachs","isPartOf":{"@id":"https:\/\/farmaciamiserachsbarcelona.com\/#website"},"datePublished":"2023-06-05T21:42:20+00:00","dateModified":"2023-10-26T11:20:35+00:00","breadcrumb":{"@id":"https:\/\/farmaciamiserachsbarcelona.com\/politica-de-privacidad\/#breadcrumb"},"inLanguage":"es","potentialAction":[{"@type":"ReadAction","target":["https:\/\/farmaciamiserachsbarcelona.com\/politica-de-privacidad\/"]}]},{"@type":"BreadcrumbList","@id":"https:\/\/farmaciamiserachsbarcelona.com\/politica-de-privacidad\/#breadcrumb","itemListElement":[{"@type":"ListItem","position":1,"name":"Portada","item":"https:\/\/farmaciamiserachsbarcelona.com\/es\/"},{"@type":"ListItem","position":2,"name":"Pol\u00edtica de privacidad"}]},{"@type":"WebSite","@id":"https:\/\/farmaciamiserachsbarcelona.com\/#website","url":"https:\/\/farmaciamiserachsbarcelona.com\/","name":"Farmacia Miserachs","description":"Tu farmacia especializada en homeopat\u00eda y cosm\u00e9tica natural","publisher":{"@id":"https:\/\/farmaciamiserachsbarcelona.com\/#organization"},"potentialAction":[{"@type":"SearchAction","target":{"@type":"EntryPoint","urlTemplate":"https:\/\/farmaciamiserachsbarcelona.com\/?s={search_term_string}"},"query-input":"required name=search_term_string"}],"inLanguage":"es"},{"@type":"Organization","@id":"https:\/\/farmaciamiserachsbarcelona.com\/#organization","name":"Farmacia Miserachs","url":"https:\/\/farmaciamiserachsbarcelona.com\/","logo":{"@type":"ImageObject","inLanguage":"es","@id":"https:\/\/farmaciamiserachsbarcelona.com\/#\/schema\/logo\/image\/","url":"https:\/\/farmaciamiserachsbarcelona.com\/wp-content\/uploads\/2023\/05\/logo_farmacia_miserachs-1.png","contentUrl":"https:\/\/farmaciamiserachsbarcelona.com\/wp-content\/uploads\/2023\/05\/logo_farmacia_miserachs-1.png","width":424,"height":54,"caption":"Farmacia Miserachs"},"image":{"@id":"https:\/\/farmaciamiserachsbarcelona.com\/#\/schema\/logo\/image\/"}}]}},"_links":{"self":[{"href":"https:\/\/farmaciamiserachsbarcelona.com\/es\/wp-json\/wp\/v2\/pages\/405"}],"collection":[{"href":"https:\/\/farmaciamiserachsbarcelona.com\/es\/wp-json\/wp\/v2\/pages"}],"about":[{"href":"https:\/\/farmaciamiserachsbarcelona.com\/es\/wp-json\/wp\/v2\/types\/page"}],"author":[{"embeddable":true,"href":"https:\/\/farmaciamiserachsbarcelona.com\/es\/wp-json\/wp\/v2\/users\/1"}],"replies":[{"embeddable":true,"href":"https:\/\/farmaciamiserachsbarcelona.com\/es\/wp-json\/wp\/v2\/comments?post=405"}],"version-history":[{"count":32,"href":"https:\/\/farmaciamiserachsbarcelona.com\/es\/wp-json\/wp\/v2\/pages\/405\/revisions"}],"predecessor-version":[{"id":1381,"href":"https:\/\/farmaciamiserachsbarcelona.com\/es\/wp-json\/wp\/v2\/pages\/405\/revisions\/1381"}],"wp:attachment":[{"href":"https:\/\/farmaciamiserachsbarcelona.com\/es\/wp-json\/wp\/v2\/media?parent=405"}],"curies":[{"name":"wp","href":"https:\/\/api.w.org\/{rel}","templated":true}]}}