{"id":756,"date":"2023-06-28T13:39:10","date_gmt":"2023-06-28T13:39:10","guid":{"rendered":"https:\/\/farmaciamiserachsbarcelona.com\/?page_id=756"},"modified":"2023-08-18T14:57:53","modified_gmt":"2023-08-18T14:57:53","slug":"homeopatia","status":"publish","type":"page","link":"https:\/\/farmaciamiserachsbarcelona.com\/es\/homeopatia\/","title":{"rendered":"Homeopatia"},"content":{"rendered":"\t\t<div data-elementor-type=\"wp-page\" data-elementor-id=\"756\" class=\"elementor elementor-756\">\n\t\t\t\t\t\t\t\t\t<section class=\"elementor-section elementor-top-section elementor-element elementor-element-a19af89 elementor-section-height-min-height elementor-hidden-tablet elementor-hidden-mobile elementor-section-boxed elementor-section-height-default elementor-section-items-middle\" data-id=\"a19af89\" data-element_type=\"section\" data-settings=\"{&quot;background_background&quot;:&quot;classic&quot;}\">\n\t\t\t\t\t\t<div class=\"elementor-container elementor-column-gap-default\">\n\t\t\t\t\t<div class=\"elementor-column elementor-col-100 elementor-top-column elementor-element elementor-element-d00e79c\" data-id=\"d00e79c\" data-element_type=\"column\" data-settings=\"{&quot;background_background&quot;:&quot;classic&quot;}\">\n\t\t\t<div class=\"elementor-widget-wrap elementor-element-populated\">\n\t\t\t\t\t\t\t\t<div class=\"elementor-element elementor-element-d7b3854 elementor-widget elementor-widget-heading\" data-id=\"d7b3854\" data-element_type=\"widget\" data-widget_type=\"heading.default\">\n\t\t\t\t<div class=\"elementor-widget-container\">\n\t\t\t<style>\/*! elementor - v3.13.3 - 22-05-2023 *\/\n.elementor-heading-title{padding:0;margin:0;line-height:1}.elementor-widget-heading .elementor-heading-title[class*=elementor-size-]>a{color:inherit;font-size:inherit;line-height:inherit}.elementor-widget-heading .elementor-heading-title.elementor-size-small{font-size:15px}.elementor-widget-heading .elementor-heading-title.elementor-size-medium{font-size:19px}.elementor-widget-heading .elementor-heading-title.elementor-size-large{font-size:29px}.elementor-widget-heading .elementor-heading-title.elementor-size-xl{font-size:39px}.elementor-widget-heading .elementor-heading-title.elementor-size-xxl{font-size:59px}<\/style><h2 class=\"elementor-heading-title elementor-size-default\">\u00bfQu\u00e9 es la homeopat\u00eda?<\/h2>\t\t<\/div>\n\t\t\t\t<\/div>\n\t\t\t\t<div class=\"elementor-element elementor-element-6afbc6d elementor-widget__width-initial elementor-widget elementor-widget-text-editor\" data-id=\"6afbc6d\" data-element_type=\"widget\" data-widget_type=\"text-editor.default\">\n\t\t\t\t<div class=\"elementor-widget-container\">\n\t\t\t<style>\/*! elementor - v3.13.3 - 22-05-2023 *\/\n.elementor-widget-text-editor.elementor-drop-cap-view-stacked .elementor-drop-cap{background-color:#69727d;color:#fff}.elementor-widget-text-editor.elementor-drop-cap-view-framed .elementor-drop-cap{color:#69727d;border:3px solid;background-color:transparent}.elementor-widget-text-editor:not(.elementor-drop-cap-view-default) .elementor-drop-cap{margin-top:8px}.elementor-widget-text-editor:not(.elementor-drop-cap-view-default) .elementor-drop-cap-letter{width:1em;height:1em}.elementor-widget-text-editor .elementor-drop-cap{float:left;text-align:center;line-height:1;font-size:50px}.elementor-widget-text-editor .elementor-drop-cap-letter{display:inline-block}<\/style>\t\t\t\t<p>La homeopat\u00eda es una terapia introducida y desarrollada por el m\u00e9dico alem\u00e1n Samuel Hahnemann (1755) en su libro \u201cOrgan\u00f3n de la medicina\u201d.<\/p><p>La homeopat\u00eda se rige por la \u201cLey de la similitud\u201d las dosis infinitesimales, y la dinamizaci\u00f3n.<\/p><p>La ley de la similitud consiste en administrar aquel medicamento homeop\u00e1tico que producir\u00eda los mismos s\u00edntomas que queremos curar, en una persona sana.<\/p><p>La diluci\u00f3n infinitesimal resulta de someter a cualquier sustancia, de origen vegetal animal, mineral o de s\u00edntesis a procesos de diluci\u00f3n y dinamizaci\u00f3n.<\/p><p>Dichas operaciones se realizan seg\u00fan pautas determinadas en las Farmacopeas Homeop\u00e1ticas.<\/p><p>Se realizan diversos tipos de diluciones siendo las m\u00e1s usuales:<br \/>\u00a0 \u00a0 \u00a0 \u00a0CH o C Que son diluciones centesimales.<br \/>\u00a0 \u00a0 \u00a0 \u00a0DH o X Que son diluciones decimales.<br \/>\u00a0 \u00a0 \u00a0 \u00a0K Que son diluciones Korsakovianas<br \/>\u00a0 \u00a0 \u00a0 \u00a0LM Que son diluciones cincuentamilesimales.<\/p><p>Siendo los gr\u00e1nulos las formas farmac\u00e9uticas m\u00e1s corrientes , no son las \u00fanicas pues podemos tambi\u00e9n encontrar gotas, comprimidos, trituraciones, supositorios, ampollas bebibles e inyectables.<\/p><p>La mayor\u00eda de remedios homeop\u00e1ticos carece de toxicidad.<br \/>No suelen provocar reacciones adversas salvo en alg\u00fan caso en el cual se puede producir el empeoramiento de alg\u00fan s\u00edntoma al inicio del tratamiento, siendo esta una reacci\u00f3n pasajera e indicando que el medicamento es acertado.<\/p><p>En nuestra farmacia, trabajamos con la homeopat\u00eda de manera integral y personalizada.<\/p>\t\t\t\t\t\t<\/div>\n\t\t\t\t<\/div>\n\t\t\t\t\t<\/div>\n\t\t<\/div>\n\t\t\t\t\t\t\t<\/div>\n\t\t<\/section>\n\t\t\t\t<section class=\"elementor-section elementor-top-section elementor-element elementor-element-4ec4fee elementor-hidden-desktop elementor-section-boxed elementor-section-height-default elementor-section-height-default\" data-id=\"4ec4fee\" data-element_type=\"section\">\n\t\t\t\t\t\t<div class=\"elementor-container elementor-column-gap-default\">\n\t\t\t\t\t<div class=\"elementor-column elementor-col-100 elementor-top-column elementor-element elementor-element-871223d\" data-id=\"871223d\" data-element_type=\"column\">\n\t\t\t<div class=\"elementor-widget-wrap elementor-element-populated\">\n\t\t\t\t\t\t\t\t<div class=\"elementor-element elementor-element-b77d0e7 elementor-widget elementor-widget-heading\" data-id=\"b77d0e7\" data-element_type=\"widget\" data-widget_type=\"heading.default\">\n\t\t\t\t<div class=\"elementor-widget-container\">\n\t\t\t<h2 class=\"elementor-heading-title elementor-size-default\">\u00bfQu\u00e9 es la homeopat\u00eda?<\/h2>\t\t<\/div>\n\t\t\t\t<\/div>\n\t\t\t\t<div class=\"elementor-element elementor-element-298153f elementor-widget elementor-widget-image\" data-id=\"298153f\" data-element_type=\"widget\" data-widget_type=\"image.default\">\n\t\t\t\t<div class=\"elementor-widget-container\">\n\t\t\t<style>\/*! elementor - v3.13.3 - 22-05-2023 *\/\n.elementor-widget-image{text-align:center}.elementor-widget-image a{display:inline-block}.elementor-widget-image a img[src$=\".svg\"]{width:48px}.elementor-widget-image img{vertical-align:middle;display:inline-block}<\/style>\t\t\t\t\t\t\t\t\t\t\t\t<img decoding=\"async\" loading=\"lazy\" width=\"654\" height=\"700\" src=\"https:\/\/farmaciamiserachsbarcelona.com\/wp-content\/uploads\/2023\/06\/HOMEOPATIAok.jpg\" class=\"attachment-large size-large wp-image-773\" alt=\"\" srcset=\"https:\/\/farmaciamiserachsbarcelona.com\/wp-content\/uploads\/2023\/06\/HOMEOPATIAok.jpg 654w, https:\/\/farmaciamiserachsbarcelona.com\/wp-content\/uploads\/2023\/06\/HOMEOPATIAok-280x300.jpg 280w\" sizes=\"(max-width: 654px) 100vw, 654px\" \/>\t\t\t\t\t\t\t\t\t\t\t\t\t\t\t<\/div>\n\t\t\t\t<\/div>\n\t\t\t\t<div class=\"elementor-element elementor-element-79efc08 elementor-widget__width-initial elementor-widget-mobile__width-initial elementor-widget elementor-widget-text-editor\" data-id=\"79efc08\" data-element_type=\"widget\" data-widget_type=\"text-editor.default\">\n\t\t\t\t<div class=\"elementor-widget-container\">\n\t\t\t\t\t\t\t<p>La homeopat\u00eda es una terapia introducida y desarrollada por el m\u00e9dico alem\u00e1n Samuel Hahnemann (1755) en su libro \u201cOrgan\u00f3n de la medicina\u201d.<\/p><p>La homeopat\u00eda se rige por la \u201cLey de la similitud\u201d las dosis infinitesimales, y la dinamizaci\u00f3n.<\/p><p>La ley de la similitud consiste en administrar aquel medicamento homeop\u00e1tico que producir\u00eda los mismos s\u00edntomas que queremos curar, en una persona sana.<\/p><p>La diluci\u00f3n infinitesimal resulta de someter a cualquier sustancia, de origen vegetal animal, mineral o de s\u00edntesis a procesos de diluci\u00f3n y dinamizaci\u00f3n.<\/p><p>Dichas operaciones se realizan seg\u00fan pautas determinadas en las Farmacopeas Homeop\u00e1ticas.<\/p><p>Se realizan diversos tipos de diluciones siendo las m\u00e1s usuales:<br \/>\u00a0 \u00a0 \u00a0 \u00a0CH o C Que son diluciones centesimales.<br \/>\u00a0 \u00a0 \u00a0 \u00a0DH o X Que son diluciones decimales.<br \/>\u00a0 \u00a0 \u00a0 \u00a0K Que son diluciones Korsakovianas<br \/>\u00a0 \u00a0 \u00a0 \u00a0LM Que son diluciones cincuentamilesimales.<\/p><p>Siendo los gr\u00e1nulos las formas farmac\u00e9uticas m\u00e1s corrientes , no son las \u00fanicas pues podemos tambi\u00e9n encontrar gotas, comprimidos, trituraciones, supositorios, ampollas bebibles e inyectables.<\/p><p>La mayor\u00eda de remedios homeop\u00e1ticos carece de toxicidad.<br \/>No suelen provocar reacciones adversas salvo en alg\u00fan caso en el cual se puede producir el empeoramiento de alg\u00fan s\u00edntoma al inicio del tratamiento, siendo esta una reacci\u00f3n pasajera e indicando que el medicamento es acertado.<\/p><p>En nuestra farmacia, trabajamos con la homeopat\u00eda de manera integral y personalizada.<\/p>\t\t\t\t\t\t<\/div>\n\t\t\t\t<\/div>\n\t\t\t\t\t<\/div>\n\t\t<\/div>\n\t\t\t\t\t\t\t<\/div>\n\t\t<\/section>\n\t\t\t\t<section class=\"elementor-section elementor-top-section elementor-element elementor-element-363b395 elementor-section-boxed elementor-section-height-default elementor-section-height-default\" data-id=\"363b395\" data-element_type=\"section\">\n\t\t\t\t\t\t<div class=\"elementor-container elementor-column-gap-default\">\n\t\t\t\t\t<div class=\"elementor-column elementor-col-100 elementor-top-column elementor-element elementor-element-eec159e\" data-id=\"eec159e\" data-element_type=\"column\">\n\t\t\t<div class=\"elementor-widget-wrap elementor-element-populated\">\n\t\t\t\t\t\t\t\t<div class=\"elementor-element elementor-element-c578dbd elementor-widget elementor-widget-spacer\" data-id=\"c578dbd\" data-element_type=\"widget\" data-widget_type=\"spacer.default\">\n\t\t\t\t<div class=\"elementor-widget-container\">\n\t\t\t<style>\/*! elementor - v3.13.3 - 22-05-2023 *\/\n.elementor-column .elementor-spacer-inner{height:var(--spacer-size)}.e-con{--container-widget-width:100%}.e-con-inner>.elementor-widget-spacer,.e-con>.elementor-widget-spacer{width:var(--container-widget-width,var(--spacer-size));--align-self:var(--container-widget-align-self,initial);--flex-shrink:0}.e-con-inner>.elementor-widget-spacer>.elementor-widget-container,.e-con-inner>.elementor-widget-spacer>.elementor-widget-container>.elementor-spacer,.e-con>.elementor-widget-spacer>.elementor-widget-container,.e-con>.elementor-widget-spacer>.elementor-widget-container>.elementor-spacer{height:100%}.e-con-inner>.elementor-widget-spacer>.elementor-widget-container>.elementor-spacer>.elementor-spacer-inner,.e-con>.elementor-widget-spacer>.elementor-widget-container>.elementor-spacer>.elementor-spacer-inner{height:var(--container-widget-height,var(--spacer-size))}<\/style>\t\t<div class=\"elementor-spacer\">\n\t\t\t<div class=\"elementor-spacer-inner\"><\/div>\n\t\t<\/div>\n\t\t\t\t<\/div>\n\t\t\t\t<\/div>\n\t\t\t\t\t<\/div>\n\t\t<\/div>\n\t\t\t\t\t\t\t<\/div>\n\t\t<\/section>\n\t\t\t\t\t\t\t<\/div>\n\t\t","protected":false},"excerpt":{"rendered":"<p>\u00bfQu\u00e9 es la homeopat\u00eda? La homeopat\u00eda es una terapia introducida y desarrollada por el m\u00e9dico alem\u00e1n Samuel Hahnemann (1755) en su libro \u201cOrgan\u00f3n de la medicina\u201d. La homeopat\u00eda se rige por la \u201cLey de la similitud\u201d las dosis infinitesimales, y la dinamizaci\u00f3n. La ley de la similitud consiste en administrar aquel medicamento homeop\u00e1tico que producir\u00eda [&hellip;]<\/p>\n","protected":false},"author":1,"featured_media":0,"parent":0,"menu_order":0,"comment_status":"closed","ping_status":"closed","template":"","meta":{"_monsterinsights_skip_tracking":false,"_monsterinsights_sitenote_active":false,"_monsterinsights_sitenote_note":"","_monsterinsights_sitenote_category":0,"footnotes":""},"yoast_head":"<!-- This site is optimized with the Yoast SEO Premium plugin v20.11 (Yoast SEO v20.11) - https:\/\/yoast.com\/wordpress\/plugins\/seo\/ -->\n<title>Homeopatia Barcelona. Farmacia Miserachs<\/title>\n<meta name=\"description\" content=\"En nuestra farmacia, trabajamos con la homeopat\u00eda de manera integral y personalizada a medida de cada cliente.\" \/>\n<meta name=\"robots\" content=\"index, follow, max-snippet:-1, max-image-preview:large, max-video-preview:-1\" \/>\n<link rel=\"canonical\" href=\"https:\/\/farmaciamiserachsbarcelona.com\/homeopatia\/\" \/>\n<meta property=\"og:locale\" content=\"es_ES\" \/>\n<meta property=\"og:type\" content=\"article\" \/>\n<meta property=\"og:title\" content=\"Homeopatia\" \/>\n<meta property=\"og:description\" content=\"En nuestra farmacia, trabajamos con la homeopat\u00eda de manera integral y personalizada a medida de cada cliente.\" \/>\n<meta property=\"og:url\" content=\"https:\/\/farmaciamiserachsbarcelona.com\/homeopatia\/\" \/>\n<meta property=\"og:site_name\" content=\"Farmacia Miserachs\" \/>\n<meta property=\"article:modified_time\" content=\"2023-08-18T14:57:53+00:00\" \/>\n<meta property=\"og:image\" content=\"https:\/\/farmaciamiserachsbarcelona.com\/wp-content\/uploads\/2023\/06\/HOMEOPATIAok.jpg\" \/>\n<meta name=\"twitter:card\" content=\"summary_large_image\" \/>\n<meta name=\"twitter:label1\" content=\"Tiempo de lectura\" \/>\n\t<meta name=\"twitter:data1\" content=\"3 minutos\" \/>\n<script type=\"application\/ld+json\" class=\"yoast-schema-graph\">{\"@context\":\"https:\/\/schema.org\",\"@graph\":[{\"@type\":\"WebPage\",\"@id\":\"https:\/\/farmaciamiserachsbarcelona.com\/homeopatia\/\",\"url\":\"https:\/\/farmaciamiserachsbarcelona.com\/homeopatia\/\",\"name\":\"Homeopatia Barcelona. Farmacia Miserachs\",\"isPartOf\":{\"@id\":\"https:\/\/farmaciamiserachsbarcelona.com\/#website\"},\"datePublished\":\"2023-06-28T13:39:10+00:00\",\"dateModified\":\"2023-08-18T14:57:53+00:00\",\"description\":\"En nuestra farmacia, trabajamos con la homeopat\u00eda de manera integral y personalizada a medida de cada cliente.\",\"breadcrumb\":{\"@id\":\"https:\/\/farmaciamiserachsbarcelona.com\/homeopatia\/#breadcrumb\"},\"inLanguage\":\"es\",\"potentialAction\":[{\"@type\":\"ReadAction\",\"target\":[\"https:\/\/farmaciamiserachsbarcelona.com\/homeopatia\/\"]}]},{\"@type\":\"BreadcrumbList\",\"@id\":\"https:\/\/farmaciamiserachsbarcelona.com\/homeopatia\/#breadcrumb\",\"itemListElement\":[{\"@type\":\"ListItem\",\"position\":1,\"name\":\"Portada\",\"item\":\"https:\/\/farmaciamiserachsbarcelona.com\/es\/\"},{\"@type\":\"ListItem\",\"position\":2,\"name\":\"Homeopatia\"}]},{\"@type\":\"WebSite\",\"@id\":\"https:\/\/farmaciamiserachsbarcelona.com\/#website\",\"url\":\"https:\/\/farmaciamiserachsbarcelona.com\/\",\"name\":\"Farmacia Miserachs\",\"description\":\"Tu farmacia especializada en homeopat\u00eda y cosm\u00e9tica natural\",\"publisher\":{\"@id\":\"https:\/\/farmaciamiserachsbarcelona.com\/#organization\"},\"potentialAction\":[{\"@type\":\"SearchAction\",\"target\":{\"@type\":\"EntryPoint\",\"urlTemplate\":\"https:\/\/farmaciamiserachsbarcelona.com\/?s={search_term_string}\"},\"query-input\":\"required name=search_term_string\"}],\"inLanguage\":\"es\"},{\"@type\":\"Organization\",\"@id\":\"https:\/\/farmaciamiserachsbarcelona.com\/#organization\",\"name\":\"Farmacia Miserachs\",\"url\":\"https:\/\/farmaciamiserachsbarcelona.com\/\",\"logo\":{\"@type\":\"ImageObject\",\"inLanguage\":\"es\",\"@id\":\"https:\/\/farmaciamiserachsbarcelona.com\/#\/schema\/logo\/image\/\",\"url\":\"https:\/\/farmaciamiserachsbarcelona.com\/wp-content\/uploads\/2023\/05\/logo_farmacia_miserachs-1.png\",\"contentUrl\":\"https:\/\/farmaciamiserachsbarcelona.com\/wp-content\/uploads\/2023\/05\/logo_farmacia_miserachs-1.png\",\"width\":424,\"height\":54,\"caption\":\"Farmacia Miserachs\"},\"image\":{\"@id\":\"https:\/\/farmaciamiserachsbarcelona.com\/#\/schema\/logo\/image\/\"}}]}<\/script>\n<!-- \/ Yoast SEO Premium plugin. -->","yoast_head_json":{"title":"Homeopatia Barcelona. Farmacia Miserachs","description":"En nuestra farmacia, trabajamos con la homeopat\u00eda de manera integral y personalizada a medida de cada cliente.","robots":{"index":"index","follow":"follow","max-snippet":"max-snippet:-1","max-image-preview":"max-image-preview:large","max-video-preview":"max-video-preview:-1"},"canonical":"https:\/\/farmaciamiserachsbarcelona.com\/homeopatia\/","og_locale":"es_ES","og_type":"article","og_title":"Homeopatia","og_description":"En nuestra farmacia, trabajamos con la homeopat\u00eda de manera integral y personalizada a medida de cada cliente.","og_url":"https:\/\/farmaciamiserachsbarcelona.com\/homeopatia\/","og_site_name":"Farmacia Miserachs","article_modified_time":"2023-08-18T14:57:53+00:00","og_image":[{"url":"https:\/\/farmaciamiserachsbarcelona.com\/wp-content\/uploads\/2023\/06\/HOMEOPATIAok.jpg"}],"twitter_card":"summary_large_image","twitter_misc":{"Tiempo de lectura":"3 minutos"},"schema":{"@context":"https:\/\/schema.org","@graph":[{"@type":"WebPage","@id":"https:\/\/farmaciamiserachsbarcelona.com\/homeopatia\/","url":"https:\/\/farmaciamiserachsbarcelona.com\/homeopatia\/","name":"Homeopatia Barcelona. Farmacia Miserachs","isPartOf":{"@id":"https:\/\/farmaciamiserachsbarcelona.com\/#website"},"datePublished":"2023-06-28T13:39:10+00:00","dateModified":"2023-08-18T14:57:53+00:00","description":"En nuestra farmacia, trabajamos con la homeopat\u00eda de manera integral y personalizada a medida de cada cliente.","breadcrumb":{"@id":"https:\/\/farmaciamiserachsbarcelona.com\/homeopatia\/#breadcrumb"},"inLanguage":"es","potentialAction":[{"@type":"ReadAction","target":["https:\/\/farmaciamiserachsbarcelona.com\/homeopatia\/"]}]},{"@type":"BreadcrumbList","@id":"https:\/\/farmaciamiserachsbarcelona.com\/homeopatia\/#breadcrumb","itemListElement":[{"@type":"ListItem","position":1,"name":"Portada","item":"https:\/\/farmaciamiserachsbarcelona.com\/es\/"},{"@type":"ListItem","position":2,"name":"Homeopatia"}]},{"@type":"WebSite","@id":"https:\/\/farmaciamiserachsbarcelona.com\/#website","url":"https:\/\/farmaciamiserachsbarcelona.com\/","name":"Farmacia Miserachs","description":"Tu farmacia especializada en homeopat\u00eda y cosm\u00e9tica natural","publisher":{"@id":"https:\/\/farmaciamiserachsbarcelona.com\/#organization"},"potentialAction":[{"@type":"SearchAction","target":{"@type":"EntryPoint","urlTemplate":"https:\/\/farmaciamiserachsbarcelona.com\/?s={search_term_string}"},"query-input":"required name=search_term_string"}],"inLanguage":"es"},{"@type":"Organization","@id":"https:\/\/farmaciamiserachsbarcelona.com\/#organization","name":"Farmacia Miserachs","url":"https:\/\/farmaciamiserachsbarcelona.com\/","logo":{"@type":"ImageObject","inLanguage":"es","@id":"https:\/\/farmaciamiserachsbarcelona.com\/#\/schema\/logo\/image\/","url":"https:\/\/farmaciamiserachsbarcelona.com\/wp-content\/uploads\/2023\/05\/logo_farmacia_miserachs-1.png","contentUrl":"https:\/\/farmaciamiserachsbarcelona.com\/wp-content\/uploads\/2023\/05\/logo_farmacia_miserachs-1.png","width":424,"height":54,"caption":"Farmacia Miserachs"},"image":{"@id":"https:\/\/farmaciamiserachsbarcelona.com\/#\/schema\/logo\/image\/"}}]}},"_links":{"self":[{"href":"https:\/\/farmaciamiserachsbarcelona.com\/es\/wp-json\/wp\/v2\/pages\/756"}],"collection":[{"href":"https:\/\/farmaciamiserachsbarcelona.com\/es\/wp-json\/wp\/v2\/pages"}],"about":[{"href":"https:\/\/farmaciamiserachsbarcelona.com\/es\/wp-json\/wp\/v2\/types\/page"}],"author":[{"embeddable":true,"href":"https:\/\/farmaciamiserachsbarcelona.com\/es\/wp-json\/wp\/v2\/users\/1"}],"replies":[{"embeddable":true,"href":"https:\/\/farmaciamiserachsbarcelona.com\/es\/wp-json\/wp\/v2\/comments?post=756"}],"version-history":[{"count":23,"href":"https:\/\/farmaciamiserachsbarcelona.com\/es\/wp-json\/wp\/v2\/pages\/756\/revisions"}],"predecessor-version":[{"id":1247,"href":"https:\/\/farmaciamiserachsbarcelona.com\/es\/wp-json\/wp\/v2\/pages\/756\/revisions\/1247"}],"wp:attachment":[{"href":"https:\/\/farmaciamiserachsbarcelona.com\/es\/wp-json\/wp\/v2\/media?parent=756"}],"curies":[{"name":"wp","href":"https:\/\/api.w.org\/{rel}","templated":true}]}}